{"id":3731,"date":"2015-04-10T18:02:52","date_gmt":"2015-04-10T18:02:52","guid":{"rendered":"http:\/\/www.equilibar.com\/low-pressure-regulators-2\/"},"modified":"2024-09-12T12:29:29","modified_gmt":"2024-09-12T16:29:29","slug":"regulateurs-basse-pression","status":"publish","type":"page","link":"https:\/\/www.equilibar.com\/fr\/regulateurs-basse-pression\/","title":{"rendered":"R\u00e9gulateurs basse pression"},"content":{"rendered":"<div class=\"grid\"><div class=\"c-two-third \"> <h2>Autant les mod\u00e8les pour des plages de faible d\u00e9bit que ceux pour haut d\u00e9bit b\u00e9n\u00e9ficient de commande manuelle ou \u00e9lectronique<\/h2> <p>Equilibar est le sp\u00e9cialiste des syst\u00e8mes de contr\u00f4le de pression basse et ultra basse. Nous offrons plusieurs produits et technologies uniques pour une utilisation \u00e0 des pressions inf\u00e9rieures \u00e0 100 mbar. Veuillez cliquer sur un lien pour plus d&#8217;informations en anglais.<\/p> <p>&nbsp;<\/p> <h3> <a href=\"https:\/\/www.equilibar.com\/back-pressure-regulators\/back-pressure-valve\/hv-series-max-flow-low-pressure-valve\/\">Les r\u00e9gulateurs de contre-pression HV pour des plages de d\u00e9bit tr\u00e8s \u00e9lev\u00e9es \u00e0 basses pressions<\/a> (Anglais)<\/h3> <p>Les produits HV sont optimis\u00e9s pour contr\u00f4ler les d\u00e9bits \u00e9lev\u00e9s \u00e0 des pressions inf\u00e9rieures \u00e0 1 bar. Une application typique serait de maintenir la pression du gaz dans un grand r\u00e9servoir \u00e0 100 mbar.<\/p> <p>L&#8217;exc\u00e8s de pression du gaz doit \u00eatre ventil\u00e9 car le r\u00e9servoir chauffe pendant la journ\u00e9e ou au cas o\u00f9 plus de liquide est d\u00e9vers\u00e9 dans le r\u00e9servoir. Le HV est disponible en alliage acier inoxydable 304L ou en alliage acier inoxydable 316L. Le choix de la membrane comprend le T\u00e9flon PTFE, poly\u00e9thyl\u00e8ne UHMW, poly\u00e9ther-\u00e9ther-c\u00e9tone (PEEK), Viton, Buna-N et EPDM.<\/p> <p>Le HV peut \u00eatre command\u00e9 avec un petit r\u00e9gulateur pilot\u00e9 manuellement ou \u00e0 distance avec un r\u00e9gulateur de pression \u00e0 commande \u00e9lectronique.<\/p> <h3> <a href=\"\/?page_id=1545\">R\u00e9gulateur ultra basse pression &#8211; LPR2<\/a> (Anglais)<\/h3> <p><strong> La gamme de la pression la plus basse disponible! <\/strong><br \/> Le limiteur de pression contr\u00f4le la pression entre 0,75 et 70 mbar (60 \u00e0 2000 pascals). Le LPR2 est id\u00e9al pour les applications avec des d\u00e9bits faibles et \u00e9galement celles \u00e0 d\u00e9bit z\u00e9ro. Convient pour des utilisations \u00e0 air ou gaz inerte uniquement.<\/p> <p>Con\u00e7u pour des d\u00e9bits tr\u00e8s faibles et des processus sans \u00e9coulement, le LPR2 est id\u00e9al pour les tests en laboratoire. Le LPR2 est \u00e9galement utilis\u00e9 dans les \u00e9quipements de calibrage ou de contr\u00f4le de la qualit\u00e9 pour v\u00e9rifier le point de r\u00e9glage des unit\u00e9s test\u00e9es.<\/p> <p>Le LPR2 fournit \u00e9galement la pression de consigne au d\u00f4me du r\u00e9gulateur contre-pression Equilibar.<\/p> <h3> <a href=\"https:\/\/www.equilibar.com\/low-pressure-control\/high-flow-low-pressure-regulators\/\">R\u00e9gulateur pression ultra basse \u00e0 haut d\u00e9bit<\/a> (Anglais)<\/h3> <div id=\"attachment_3561\" style=\"width: 110px\" class=\"wp-caption alignleft\"><img loading=\"lazy\" decoding=\"async\" aria-describedby=\"caption-attachment-3561\" class=\"wp-image-3561 size-full\" src=\"https:\/\/www.equilibar.com\/wp-content\/uploads\/2015\/04\/high-flow-low-pressure-regulator.jpg\" alt=\"R\u00e9gulateur pression ultra basse \u00e0 haut d\u00e9bit\" width=\"100\" height=\"138\" \/><p id=\"caption-attachment-3561\" class=\"wp-caption-text\">Le Mod\u00e8le 41 est un r\u00e9gulateur de pression haut d\u00e9bit pour les basses pressions<\/p><\/div> <p><strong>La plus haute pr\u00e9cision \u00e0 des d\u00e9bits \u00e9lev\u00e9s disponible<\/strong><br \/> Les r\u00e9gulateurs de pression Equilibar Mod\u00e8le 41 sont compatibles avec des plages tr\u00e8s basses, de 0 \u00e0 35 mbar et aussi \u00e9lev\u00e9es, de 0 \u00e0 350 mbar.<\/p> <p>Les grandes tailles \u00bd &#8220;ou \u00be&#8221; NPT (DN15 ou DN20) permettent des d\u00e9bits plus importants, jusqu&#8217;\u00e0 680 litres par minute. Le contr\u00f4le de la pression est ajust\u00e9 manuellement par un bouton rotatif.<\/p> <p>Le Mod\u00e8le 41 est destin\u00e9 aux applications d&#8217;air et de gaz inerte.<\/p> <h3> <a href=\"https:\/\/www.equilibar.com\/electronic-pressure-regulators\/\"> R\u00e9gulateurs de pression ultra basse \u00e9lectroniques<\/a> (Anglais)<\/h3> <p>Equilibar offre des r\u00e9gulateurs de pression \u00e9lectroniques pour la plage de pression la plus basse disponible. La S\u00e9rie Q propose une \u00e9tendue d&#8217;\u00e9chelle de 0 \u00e0 22 mbar (0-2500 Pascals).<\/p> <p>Le r\u00e9gulateur de pression \u00e9lectronique QPV int\u00e8gre la nouvelle technologie de vanne analogique qui dispose d&#8217;une \u00e9lectrovanne proportionnelle. Le QPV est utilis\u00e9 pour contr\u00f4ler la pression \u00e0 ultra-haute r\u00e9solution avec pratiquement aucune hyst\u00e9r\u00e9sis ou zone morte.<\/p> <p>Les r\u00e9gulateurs \u00e9lectroniques de la s\u00e9rie Q contr\u00f4lent la pression selon un signal de commande \u00e9lectronique. Un transducteur de pression interne est utilis\u00e9 pour mesurer la pression r\u00e9elle. Une diff\u00e9rence entre la commande d&#8217;entr\u00e9e \u00e9lectrique souhait\u00e9e et la pression r\u00e9elle obtenue provoque l&#8217;alimentation d&#8217;une \u00e9lectrovanne par le r\u00e9gulateur Q pour ajouter ou soustraire de l&#8217;air comme n\u00e9cessaire. Les signaux de commande disponibles incluent 0-10VDC, 4-20 mA, RS232 \/ RS485 et IP de s\u00e9rie num\u00e9rique Ethernet.<\/p> <h3>R\u00e9gulateurs de contre-pression \u00e0 pression ultra basse<\/h3> <p>Notre mod\u00e8le exclusif de r\u00e9gulateur de contre-pression offre le maximum en termes de sensibilit\u00e9 et de pr\u00e9cision. Les pressions de fonctionnement sont baiss\u00e9es \u00e0 60 Pascals (1 mbar). La sensibilit\u00e9 peut \u00eatre sup\u00e9rieure \u00e0 0,1 mbar.<\/p> <p>Le r\u00e9gulateur ultra basse pression LPR2 peut \u00eatre utilis\u00e9 pour fournir un signal de consigne pilote. L&#8217;image montre un r\u00e9gulateur de basse pression \u00e9lectronique de s\u00e9rie Q qui fournit le signal pilote pour une s\u00e9rie GS de r\u00e9gulateurs contre-pression.<\/p> <p>Le principal avantage du r\u00e9gulateur de contre-pression Equilibar pour les applications basse pression, c&#8217;est qu&#8217;il peut \u00eatre utilis\u00e9 avec des produits chimiques agressifs, des vapeurs, et m\u00eame avec un \u00e9coulement diphasique.<\/p> <h3><\/h3> <h4>Principales utilisations des R\u00e9gulateurs basse pression:<\/h4> <p style=\"padding-left: 30px;\"><strong>Prot\u00e9ger les disques de rupture:<\/strong> Alors que n\u00e9cessaire pour la s\u00e9curit\u00e9, avoir une rupture de disque n\u00e9cessite l&#8217;arr\u00eat temporaire de l&#8217;op\u00e9ration. Avec le contr\u00f4le pr\u00e9cis de la contre-pression d&#8217;un Equilibar il est plus facile d\u2019\u00e9viter les pics de pression qui provoquent la rupture.<\/p> <p style=\"padding-left: 30px;\"><strong>Moules d&#8217;extrusion:<\/strong> Un r\u00e9gulateur basse pression Equilibar peut \u00eatre utilis\u00e9 pour maintenir la pression \u00e0 l&#8217;int\u00e9rieur d&#8217;une extrusion \u00e0 chaud \u00e0 un niveau pr\u00e9cis pendant que \u00e7a refroidit. L&#8217;\u00e9paisseur des parois et le diam\u00e8tre sont maintenues avec plus de pr\u00e9cision.<\/p> <p style=\"padding-left: 30px;\"><strong>Inertage ou rembourrage de r\u00e9servoir\u00a0: <\/strong> L&#8217;Equilibar maintient la pression avec pr\u00e9cision dans une large gamme de conditions d&#8217;\u00e9coulement. Il peut maintenir avec pr\u00e9cision la pression en cas de faibles d\u00e9bits tout en pr\u00e9servant la capacit\u00e9 de garder le contr\u00f4le lors des vagues de d\u00e9bit \u00e9lev\u00e9.<\/p> <h4>Contactez directement un ing\u00e9nieur Equilibar<\/h4> <p>Equilibar r\u00e9pondra \u00e0 toutes vos questions. Un de nos ing\u00e9nieurs va rapidement regarder en d\u00e9tails votre application pour pouvoir vous indiquer le r\u00e9gulateur Equilibar qui sera le mieux adapt\u00e9 \u00e0 vos exigences techniques. Notre objectif est de vous fournir une r\u00e9ponse le m\u00eame jour ouvrable ainsi, vous aurez une r\u00e9ponse disponible le lendemain matin. Utilisez le formulaire ci-dessous pur contactez Equilibar ou un de nos partenaires.<\/p> <a id=\"button-counter-1\" class=\"button medium type-simple\" href=\"https:\/\/www.equilibar.com\/contact\/\" >Contactez-nous<\/a> <\/div> <div class=\"c-one-third \"> <p class=\"p1\"><span class=\"s1\"> <a title=\"Regulateurs De Contre Pression -\u00a0Valves de Regulation de Vide\" href=\"https:\/\/www.equilibar.com\/fr\/\">Regulateurs De Contre Pression &#8211;\u00a0Valves de Regulation de Vide<\/a> <\/span><\/p> <p class=\"p1\"><span class=\"s1\"> <a title=\"R\u00e9gulateurs de contre pression\" href=\"https:\/\/www.equilibar.com\/fr\/regulateurs-de-contre-pression-equilibar\/\">R\u00e9gulateurs de contre pression<\/a> <\/span><\/p> <p><!-- p class=\"p1\"><span class=\"s1\"> <a title=\"Conformit\u00e9 avec\u00a0Directive\u00a0\u00c9quipements sous Pression\" href=\"https:\/\/www.equilibar.com\/fr\/conformite-avec-directive-equipements-sous-pression\/\">Conformit\u00e9 avec\u00a0Directive\u00a0\u00c9quipements sous Pression<\/a> <\/span><\/p --> <p class=\"p1\"><span class=\"s1\"> <a title=\"Regulateurs de Vide\" href=\"https:\/\/www.equilibar.com\/fr\/regulateurs-de-vide-et-vannes-de-regulation-du-vide\/\">Regulateurs de Vide<\/a> <\/span><\/p> <div id=\"attachment_3564\" style=\"width: 230px\" class=\"wp-caption aligncenter\"><img loading=\"lazy\" decoding=\"async\" aria-describedby=\"caption-attachment-3564\" class=\"wp-image-3564 size-full\" src=\"https:\/\/www.equilibar.com\/wp-content\/uploads\/2015\/04\/HV-Back-Pressure-Regulators.jpg\" alt=\"Les r\u00e9gulateurs de contre-pression HV pour des plages de d\u00e9bit tr\u00e8s \u00e9lev\u00e9es \u00e0 basses pressions\" width=\"220\" height=\"200\" \/><p id=\"caption-attachment-3564\" class=\"wp-caption-text\">Le r\u00e9gulateur HV contr\u00f4le les contre-pressions proches R\u00e9gulateur pression ultra basse \u00e0 haut d\u00e9bi<\/p><\/div> <p>&nbsp;<\/p> <p>&nbsp;<\/p> <div id=\"attachment_3560\" style=\"width: 170px\" class=\"wp-caption aligncenter\"><img loading=\"lazy\" decoding=\"async\" aria-describedby=\"caption-attachment-3560\" class=\"wp-image-3560 size-full\" src=\"https:\/\/www.equilibar.com\/wp-content\/uploads\/2015\/04\/Ultra-Low-Pressure-Regulator.jpg\" alt=\"R\u00e9gulateur ultra basse pression\" width=\"160\" height=\"196\" \/><p id=\"caption-attachment-3560\" class=\"wp-caption-text\">Le LPR2 r\u00e9gule les basses pressions avec une haute r\u00e9solution<\/p><\/div> <p>&nbsp;<\/p> <p>&nbsp;<\/p> <div id=\"attachment_18796\" style=\"width: 160px\" class=\"wp-caption aligncenter\"><img loading=\"lazy\" decoding=\"async\" aria-describedby=\"caption-attachment-18796\" class=\"wp-image-18796 size-thumbnail\" src=\"https:\/\/www.equilibar.com\/wp-content\/uploads\/2019\/01\/EQ-QPV-for-web-product-page-150x150.jpg\" alt=\"Image do R\u00e9gulateurs de pression ultra basse \u00e9lectroniques\" width=\"150\" height=\"150\" srcset=\"https:\/\/www.equilibar.com\/wp-content\/uploads\/2019\/01\/EQ-QPV-for-web-product-page-150x150.jpg 150w, https:\/\/www.equilibar.com\/wp-content\/uploads\/2019\/01\/EQ-QPV-for-web-product-page-300x300.jpg 300w, https:\/\/www.equilibar.com\/wp-content\/uploads\/2019\/01\/EQ-QPV-for-web-product-page-50x50.jpg 50w, https:\/\/www.equilibar.com\/wp-content\/uploads\/2019\/01\/EQ-QPV-for-web-product-page-100x100.jpg 100w, https:\/\/www.equilibar.com\/wp-content\/uploads\/2019\/01\/EQ-QPV-for-web-product-page-47x47.jpg 47w, https:\/\/www.equilibar.com\/wp-content\/uploads\/2019\/01\/EQ-QPV-for-web-product-page.jpg 650w\" sizes=\"auto, (max-width: 150px) 100vw, 150px\" \/><p id=\"caption-attachment-18796\" class=\"wp-caption-text\">La S\u00e9rie Q \u00e9lectronique Les r\u00e9gulateurs de pression Ont un capteur de pression pour Haute pr\u00e9cision<\/p><\/div> <p>&nbsp;<\/p> <p>&nbsp;<\/p> <div id=\"attachment_40735\" style=\"width: 310px\" class=\"wp-caption aligncenter\"><img loading=\"lazy\" decoding=\"async\" aria-describedby=\"caption-attachment-40735\" class=\"wp-image-40735 size-full\" src=\"\/wp-content\/uploads\/2019\/08\/GD4-with-QPV-300x300-web.png\" alt=\"Equilibar GD4 avec le pilote Serie QPV\" width=\"300\" height=\"300\" srcset=\"https:\/\/www.equilibar.com\/wp-content\/uploads\/2019\/08\/GD4-with-QPV-300x300-web.png 300w, https:\/\/www.equilibar.com\/wp-content\/uploads\/2019\/08\/GD4-with-QPV-300x300-web-150x150.png 150w, https:\/\/www.equilibar.com\/wp-content\/uploads\/2019\/08\/GD4-with-QPV-300x300-web-50x50.png 50w, https:\/\/www.equilibar.com\/wp-content\/uploads\/2019\/08\/GD4-with-QPV-300x300-web-100x100.png 100w, https:\/\/www.equilibar.com\/wp-content\/uploads\/2019\/08\/GD4-with-QPV-300x300-web-47x47.png 47w\" sizes=\"auto, (max-width: 300px) 100vw, 300px\" \/><p id=\"caption-attachment-40735\" class=\"wp-caption-text\">Le pilote S\u00e9rie QPV Cr\u00e9e un r\u00e9gulateur de contre-pression \u00e9lectronique<\/p><\/div> <\/div><\/div> ","protected":false},"excerpt":{"rendered":"","protected":false},"author":1,"featured_media":0,"parent":0,"menu_order":0,"comment_status":"closed","ping_status":"closed","template":"","meta":{"_acf_changed":false,"footnotes":""},"class_list":["post-3731","page","type-page","status-publish","hentry"],"acf":[],"yoast_head":"<!-- This site is optimized with the Yoast SEO Premium plugin v27.4 (Yoast SEO v27.4) - https:\/\/yoast.com\/product\/yoast-seo-premium-wordpress\/ -->\n<title>R\u00e9gulateurs basse pression | Limiteurs de pression<\/title>\n<meta name=\"description\" content=\"Une offre de r\u00e9gulateurs basse pression, syst\u00e8mes de commande basse pression, limiteurs de pression, manom\u00e8tre de pression diff\u00e9rentielle, et r\u00e9gulateurs basse pression \u00e9lectroniques.\" \/>\n<meta name=\"robots\" content=\"index, follow, max-snippet:-1, max-image-preview:large, max-video-preview:-1\" \/>\n<link rel=\"canonical\" href=\"https:\/\/www.equilibar.com\/fr\/regulateurs-basse-pression\/\" \/>\n<meta property=\"og:locale\" content=\"fr_FR\" \/>\n<meta property=\"og:type\" content=\"article\" \/>\n<meta property=\"og:title\" content=\"R\u00e9gulateurs basse pression\" \/>\n<meta property=\"og:description\" content=\"Une offre de r\u00e9gulateurs basse pression, syst\u00e8mes de commande basse pression, limiteurs de pression, manom\u00e8tre de pression diff\u00e9rentielle, et r\u00e9gulateurs basse pression \u00e9lectroniques.\" \/>\n<meta property=\"og:url\" content=\"https:\/\/www.equilibar.com\/fr\/regulateurs-basse-pression\/\" \/>\n<meta property=\"og:site_name\" content=\"Equilibar\" \/>\n<meta property=\"article:publisher\" content=\"https:\/\/www.facebook.com\/pages\/Equilibar\/114261858601579\" \/>\n<meta property=\"article:modified_time\" content=\"2024-09-12T16:29:29+00:00\" \/>\n<meta property=\"og:image\" content=\"https:\/\/www.equilibar.com\/wp-content\/uploads\/2015\/04\/high-flow-low-pressure-regulator.jpg\" \/>\n<meta name=\"twitter:card\" content=\"summary_large_image\" \/>\n<meta name=\"twitter:site\" content=\"@equilibar\" \/>\n<meta name=\"twitter:label1\" content=\"Dur\u00e9e de lecture estim\u00e9e\" \/>\n\t<meta name=\"twitter:data1\" content=\"6 minutes\" \/>\n<!-- \/ Yoast SEO Premium plugin. -->","yoast_head_json":{"title":"R\u00e9gulateurs basse pression | Limiteurs de pression","description":"Une offre de r\u00e9gulateurs basse pression, syst\u00e8mes de commande basse pression, limiteurs de pression, manom\u00e8tre de pression diff\u00e9rentielle, et r\u00e9gulateurs basse pression \u00e9lectroniques.","robots":{"index":"index","follow":"follow","max-snippet":"max-snippet:-1","max-image-preview":"max-image-preview:large","max-video-preview":"max-video-preview:-1"},"canonical":"https:\/\/www.equilibar.com\/fr\/regulateurs-basse-pression\/","og_locale":"fr_FR","og_type":"article","og_title":"R\u00e9gulateurs basse pression","og_description":"Une offre de r\u00e9gulateurs basse pression, syst\u00e8mes de commande basse pression, limiteurs de pression, manom\u00e8tre de pression diff\u00e9rentielle, et r\u00e9gulateurs basse pression \u00e9lectroniques.","og_url":"https:\/\/www.equilibar.com\/fr\/regulateurs-basse-pression\/","og_site_name":"Equilibar","article_publisher":"https:\/\/www.facebook.com\/pages\/Equilibar\/114261858601579","article_modified_time":"2024-09-12T16:29:29+00:00","og_image":[{"url":"https:\/\/www.equilibar.com\/wp-content\/uploads\/2015\/04\/high-flow-low-pressure-regulator.jpg","type":"","width":"","height":""}],"twitter_card":"summary_large_image","twitter_site":"@equilibar","twitter_misc":{"Dur\u00e9e de lecture estim\u00e9e":"6 minutes"},"schema":{"@context":"https:\/\/schema.org","@graph":[{"@type":"WebPage","@id":"https:\/\/www.equilibar.com\/fr\/regulateurs-basse-pression\/","url":"https:\/\/www.equilibar.com\/fr\/regulateurs-basse-pression\/","name":"R\u00e9gulateurs basse pression | Limiteurs de pression","isPartOf":{"@id":"https:\/\/www.equilibar.com\/#website"},"primaryImageOfPage":{"@id":"https:\/\/www.equilibar.com\/fr\/regulateurs-basse-pression\/#primaryimage"},"image":{"@id":"https:\/\/www.equilibar.com\/fr\/regulateurs-basse-pression\/#primaryimage"},"thumbnailUrl":"https:\/\/www.equilibar.com\/wp-content\/uploads\/2015\/04\/high-flow-low-pressure-regulator.jpg","datePublished":"2015-04-10T18:02:52+00:00","dateModified":"2024-09-12T16:29:29+00:00","description":"Une offre de r\u00e9gulateurs basse pression, syst\u00e8mes de commande basse pression, limiteurs de pression, manom\u00e8tre de pression diff\u00e9rentielle, et r\u00e9gulateurs basse pression \u00e9lectroniques.","inLanguage":"fr-FR","potentialAction":[{"@type":"ReadAction","target":["https:\/\/www.equilibar.com\/fr\/regulateurs-basse-pression\/"]}]},{"@type":"ImageObject","inLanguage":"fr-FR","@id":"https:\/\/www.equilibar.com\/fr\/regulateurs-basse-pression\/#primaryimage","url":"https:\/\/www.equilibar.com\/wp-content\/uploads\/2015\/04\/high-flow-low-pressure-regulator.jpg","contentUrl":"https:\/\/www.equilibar.com\/wp-content\/uploads\/2015\/04\/high-flow-low-pressure-regulator.jpg"},{"@type":"WebSite","@id":"https:\/\/www.equilibar.com\/#website","url":"https:\/\/www.equilibar.com\/","name":"Equilibar","description":"Precision Fluid Control","potentialAction":[{"@type":"SearchAction","target":{"@type":"EntryPoint","urlTemplate":"https:\/\/www.equilibar.com\/?s={search_term_string}"},"query-input":{"@type":"PropertyValueSpecification","valueRequired":true,"valueName":"search_term_string"}}],"inLanguage":"fr-FR"}]}},"_links":{"self":[{"href":"https:\/\/www.equilibar.com\/fr\/wp-json\/wp\/v2\/pages\/3731","targetHints":{"allow":["GET"]}}],"collection":[{"href":"https:\/\/www.equilibar.com\/fr\/wp-json\/wp\/v2\/pages"}],"about":[{"href":"https:\/\/www.equilibar.com\/fr\/wp-json\/wp\/v2\/types\/page"}],"author":[{"embeddable":true,"href":"https:\/\/www.equilibar.com\/fr\/wp-json\/wp\/v2\/users\/1"}],"replies":[{"embeddable":true,"href":"https:\/\/www.equilibar.com\/fr\/wp-json\/wp\/v2\/comments?post=3731"}],"version-history":[{"count":0,"href":"https:\/\/www.equilibar.com\/fr\/wp-json\/wp\/v2\/pages\/3731\/revisions"}],"wp:attachment":[{"href":"https:\/\/www.equilibar.com\/fr\/wp-json\/wp\/v2\/media?parent=3731"}],"curies":[{"name":"wp","href":"https:\/\/api.w.org\/{rel}","templated":true}]}}