{"id":3703,"date":"2015-04-10T18:32:02","date_gmt":"2015-04-10T18:32:02","guid":{"rendered":"http:\/\/www.equilibar.com\/equilibar-vacuum-regulators-vacuum-control-valves-2\/"},"modified":"2023-12-14T16:51:57","modified_gmt":"2023-12-14T20:51:57","slug":"regulateurs-de-vide-et-vannes-de-regulation-du-vide","status":"publish","type":"page","link":"https:\/\/www.equilibar.com\/fr\/regulateurs-de-vide-et-vannes-de-regulation-du-vide\/","title":{"rendered":"R\u00e9gulateurs de vide et vannes de r\u00e9gulation du vide"},"content":{"rendered":"<div class=\"grid\"><div class=\"c-two-third \"> <h2>Une technologie unique pour contr\u00f4ler la pression pour des applications tr\u00e8s exigeantes<\/h2> <p>Le r\u00e9gulateur de vide Equilibar fonctionne diff\u00e9remment des mod\u00e8les traditionnels. Une membrane souple est la seule pi\u00e8ce mobile. Un signal de vide du point de consigne est appliqu\u00e9 sur un c\u00f4t\u00e9 de cette membrane.<\/p> <p>Cette membrane se colle directement contre de multiples orifices pour contr\u00f4ler le d\u00e9bit du processus principal. Un \u00e9quilibre incroyablement sensible entre la pression de l&#8217;orifice d&#8217;entr\u00e9e et la pression de r\u00e9f\u00e9rence pilote est alors atteint.<\/p> <p>Cela signifie que votre processus de vide reste stable m\u00eame pendant de grandes variations dans les niveaux de d\u00e9bit et de vide.<\/p> <h3>Principaux avantages du mod\u00e8le Equilibar<\/h3> <p style=\"padding-left: 30px;\"><strong>Contr\u00f4le du vide stable lors de la modification du d\u00e9bit<br \/> <\/strong>Ce graphique montre comment l&#8217;\u00e9volution du d\u00e9bit affecte le contr\u00f4le de pression du vide.<\/p> <p style=\"padding-left: 30px;\">Un r\u00e9gulateur de vide \u00e0 visse traditionnel maintient le vide au point de consigne que sous une seule condition de d\u00e9bit.<\/p> <p style=\"padding-left: 30px;\">Un changement dans le d\u00e9bit provoque \u00e9galement une modification dans le r\u00e9glage du vide.<\/p> <p style=\"padding-left: 30px;\"><span class=\"s1\">Le mod\u00e8le Equilibar est sans frottement et ne repose pas sur un ressort m\u00e9canique. Le vide dans le syst\u00e8me reste stable au point de consigne d\u00e9sir\u00e9 alors m\u00eame que le d\u00e9bit du syst\u00e8me est modifi\u00e9.<\/span><\/p> <h4 style=\"padding-left: 30px;\">Fonctionnement \u00e0 haute temp\u00e9rature et utilisation en milieux corrosifs<\/h4> <p style=\"padding-left: 30px;\">Les r\u00e9gulateurs de vide Equilibar sont fa\u00e7onn\u00e9s avec des barres robustes. Vous pouvez choisir le mat\u00e9riau composant qui correspond au mieux \u00e0 votre application. Les choix possibles incluent l&#8217;acier inoxydable 316L, alliage 20, Hastelloy, PVDF, PVC, CPVC, ac\u00e9tal, et PTFE.<\/p> <p style=\"padding-left: 30px;\">Consultez nous pour d&#8217;autres mat\u00e9riaux personnalis\u00e9s. La membrane peut \u00eatre fabriqu\u00e9e en PTFE, PEEK, Viton, Buna-N, EPDM, d&#8217;autres options \u00e9tant disponibles.<\/p> <p style=\"padding-left: 30px;\">Vous pouvez s\u00e9lectionner des membranes m\u00e9talliques minces pour le contr\u00f4le de vide direct \u00e0 des temp\u00e9ratures \u00e9lev\u00e9es.<\/p> <h4 style=\"padding-left: 30px;\">R\u00e9ponse rapide et sans d\u00e9lai<\/h4> <p style=\"padding-left: 30px;\">Le r\u00e9gulateur Equilibar r\u00e9pond automatiquement au d\u00e9bit du syst\u00e8me ou aux changements de la pression d&#8217;alimentation pour maintenir le niveau de vide \u00e0 votre point de consigne. Le temps de r\u00e9ponse est de l&#8217;ordre de quelques millisecondes. Le signal de vide qui est appliqu\u00e9 \u00e0 l&#8217;orifice pilote sera reproduit sur l&#8217;orifice d&#8217;admission de pression contr\u00f4l\u00e9 de mani\u00e8re pr\u00e9cise \u00e0 un rapport 1: 1.<\/p> <h4 style=\"padding-left: 30px;\">Convient \u00e0 des d\u00e9bits mixtes de gaz et liquides<\/h4> <p style=\"padding-left: 30px;\">La conception multi-orifices d&#8217;Equilibar permet le contr\u00f4le direct des milieux humides. Un s\u00e9parateur n&#8217;est pas n\u00e9cessaire. Le liquide est autoris\u00e9 \u00e0 passer par certains orifices tandis que le gaz est dirig\u00e9 vers les autres orifices disponibles. Cela se produit naturellement. La pression de vide est maintenue sans pics de pression.<\/p> <h3>Comment \u00e7a fonctionne: La technologie du r\u00e9gulateur de pression de vide directe<\/h3> <div id=\"attachment_3580\" style=\"width: 310px\" class=\"wp-caption alignleft\"><img loading=\"lazy\" decoding=\"async\" aria-describedby=\"caption-attachment-3580\" class=\"wp-image-3580 size-medium\" src=\"https:\/\/www.equilibar.com\/wp-content\/uploads\/2015\/04\/Direct-Vacuum-Pressure-Regualtor-Diagram-300x146.gif\" alt=\"Sch\u00e9ma du r\u00e9gulateur de pression de vide\" width=\"300\" height=\"146\" \/><p id=\"caption-attachment-3580\" class=\"wp-caption-text\">Equilibar r\u00e9gule le vide en contr\u00f4lant le d\u00e9bit de la pompe \u00e0 vide<\/p><\/div> <p>&nbsp;<\/p> <p>Equilibar r\u00e9gule le vide en contr\u00f4lant le d\u00e9bit de la pompe \u00e0 vide. Equilibar r\u00e9gule le vide en modulant le d\u00e9bit qui quitte le processus pour entrer dans la pompe \u00e0 vide.<\/p> <p>Equilibar n&#8217;ajoute pas de l&#8217;air ext\u00e9rieur pendant le processus.<\/p> <p>&nbsp;<\/p> <p>Connectez votre pompe \u00e0 vide ou l&#8217;appareil m\u00e9nager \u00e0 l&#8217;orifice de sortie. Connectez le processus que vous souhaitez contr\u00f4ler \u00e0 l&#8217;orifice d&#8217;entr\u00e9e. R\u00e9glez la pression pilote pour atteindre le niveau de vide d\u00e9sir\u00e9.<\/p> <h4>Equilibar n&#8217;est pas un casse-vide<\/h4> <div style=\"width: 337px\" class=\"wp-caption alignright\"><img loading=\"lazy\" decoding=\"async\" src=\"https:\/\/www.equilibar.com\/wp-content\/uploads\/2015\/04\/Equilibar-is-not-a-vacuum-300x165.png\" alt=\"Sch\u00e9matique d'un casse-vide\" width=\"327\" height=\"180\" \/><p class=\"wp-caption-text\">Sch\u00e9matique d&#8217;un casse-vide typique<\/p><\/div> <p>Le casse-vide contr\u00f4le le vide par introduction de plus d&#8217;air dans le processus que la pompe \u00e0 vide ne peut enlever. La capacit\u00e9 de la pompe \u00e0 vide pour \u00e9liminer l&#8217;air est &#8220;cass\u00e9e&#8221;.<\/p> <p>Un inconv\u00e9nient majeur du casse-vide, c&#8217;est que chaque ligne connect\u00e9e \u00e0 la pompe \u00e0 vide sera r\u00e9gl\u00e9e sur le m\u00eame niveau de vide. Ce n&#8217;est pas possible d&#8217;ajuster individuellement les embranchements aux diff\u00e9rents points de consigne de vide.<\/p> <p><strong>Pour plus d&#8217;informations, les liens suivants vous dirigeront vers des pages en anglais.<\/strong><br \/> R\u00e9gulateurs de vide haute pr\u00e9cision | R\u00e9gulateur de vide haut d\u00e9bit<br \/> R\u00e9gulateur de vide \u00e9lectronique | Grandes vannes \u00e0 vide \u00e9lectroniques<\/p> <div class=\"product-include vr-squares\">\r\n<div class=\"grid\"><div class=\"grid\"><div class=\"c-one-fifth \"><span id=\"frame-counter-1\" class=\"frame type-simple aligncenter\">\n\t<span class=\"decorator\">\n\t\t<span class=\"outer\">\n\t\t\t<span class=\"inner\">\n\t\t\t\t<img loading=\"lazy\" decoding=\"async\" class=\"alignnone\" src=\"http:\/\/www.equilibar.com\/images\/stainless-steel-vacuum-regulator_120.jpg\" alt=\"image of equilibar high precision vacuum regulator EVR with mechanical pilot\" width=\"128\" height=\"128\" \/><a href=\"http:\/\/www.equilibar.com\/vacuum-regulators\/high-precision-vacuum-regulators\/\">High Precision Vacuum Regulators<\/a>\r\n1\/4\" to 1\"\r\n0 - 30 inHg \/ 762 mm Hg\n\t\t\t\t<span class=\"indicator indicator-document\"><span><\/span><span><\/span><\/span>\n\t\t\t<\/span>\t\t\t\n\t\t<\/span>\n\t<\/span>\n<\/span><\/div><div class=\"c-one-fifth \"><span id=\"frame-counter-2\" class=\"frame type-simple aligncenter\">\n\t<span class=\"decorator\">\n\t\t<span class=\"outer\">\n\t\t\t<span class=\"inner\">\n\t\t\t\t<img loading=\"lazy\" decoding=\"async\" class=\"alignnone\" style=\"line-height: 1.5em;\" src=\"http:\/\/www.equilibar.com\/images\/PVC-vacuum-regulating-valve.jpg\" alt=\"image of Equilibar High Flow Vacuum Regulator with mechanical vacuum pilot regulator\" width=\"225\" height=\"225\" \/><a href=\"https:\/\/www.equilibar.com\/vacuum-regulators\/high-flow-vacuum-valves\/standard-high-flow-vacuum-valves\/\">High Flow Vacuum Valves<\/a>\r\n1.5\" to 4\"\r\n0 - 30 inHg \/ 762 mm Hg\n\t\t\t\t<span class=\"indicator indicator-document\"><span><\/span><span><\/span><\/span>\n\t\t\t<\/span>\t\t\t\n\t\t<\/span>\n\t<\/span>\n<\/span><\/div><div class=\"c-one-fifth \"><span id=\"frame-counter-3\" class=\"frame type-simple aligncenter\">\n\t<span class=\"decorator\">\n\t\t<span class=\"outer\">\n\t\t\t<span class=\"inner\">\n\t\t\t\t<img loading=\"lazy\" decoding=\"async\" class=\"alignnone wp-image-39418 size-full\" src=\"https:\/\/www.equilibar.com\/wp-content\/uploads\/2023\/12\/EVR-GSD8-QPV-M-300by300-Copy.jpg\" alt=\"photo of an Equilibar vacuum regulator with electronic pilot regulator for automation\" width=\"300\" height=\"300\" srcset=\"https:\/\/www.equilibar.com\/wp-content\/uploads\/2023\/12\/EVR-GSD8-QPV-M-300by300-Copy.jpg 300w, https:\/\/www.equilibar.com\/wp-content\/uploads\/2023\/12\/EVR-GSD8-QPV-M-300by300-Copy-150x150.jpg 150w, https:\/\/www.equilibar.com\/wp-content\/uploads\/2023\/12\/EVR-GSD8-QPV-M-300by300-Copy-50x50.jpg 50w, https:\/\/www.equilibar.com\/wp-content\/uploads\/2023\/12\/EVR-GSD8-QPV-M-300by300-Copy-100x100.jpg 100w, https:\/\/www.equilibar.com\/wp-content\/uploads\/2023\/12\/EVR-GSD8-QPV-M-300by300-Copy-47x47.jpg 47w\" sizes=\"auto, (max-width: 300px) 100vw, 300px\" \/><a href=\"http:\/\/www.equilibar.com\/vacuum-regulators\/electronic-vacuum-regulators\/\">Electronic\r\nVacuum Regulators<\/a>\r\n1\/4\" to 1\"\r\n0 - 30 in Hg \/ 762 mm Hg\n\t\t\t\t<span class=\"indicator indicator-document\"><span><\/span><span><\/span><\/span>\n\t\t\t<\/span>\t\t\t\n\t\t<\/span>\n\t<\/span>\n<\/span><\/div><div class=\"c-one-fifth \"><span id=\"frame-counter-4\" class=\"frame type-simple aligncenter\">\n\t<span class=\"decorator\">\n\t\t<span class=\"outer\">\n\t\t\t<span class=\"inner\">\n\t\t\t\t<img loading=\"lazy\" decoding=\"async\" class=\"alignnone wp-image-39570 size-full\" src=\"https:\/\/www.equilibar.com\/wp-content\/uploads\/2023\/12\/EVR-BD16-QPV-300x300-1.jpg\" alt=\"photo of an Equilibar EVR-BD16 with an electronic pilot regulator\" width=\"300\" height=\"300\" srcset=\"https:\/\/www.equilibar.com\/wp-content\/uploads\/2023\/12\/EVR-BD16-QPV-300x300-1.jpg 300w, https:\/\/www.equilibar.com\/wp-content\/uploads\/2023\/12\/EVR-BD16-QPV-300x300-1-150x150.jpg 150w, https:\/\/www.equilibar.com\/wp-content\/uploads\/2023\/12\/EVR-BD16-QPV-300x300-1-50x50.jpg 50w, https:\/\/www.equilibar.com\/wp-content\/uploads\/2023\/12\/EVR-BD16-QPV-300x300-1-100x100.jpg 100w, https:\/\/www.equilibar.com\/wp-content\/uploads\/2023\/12\/EVR-BD16-QPV-300x300-1-47x47.jpg 47w\" sizes=\"auto, (max-width: 300px) 100vw, 300px\" \/><a href=\"https:\/\/www.equilibar.com\/vacuum-regulators\/electronic-vacuum-valves\/\">Larger Electronic\r\nVacuum Valves<\/a>\r\n1.5\" to 4\"\r\n0 - 30 in Hg \/ 762 mm Hg\r\n\n\t\t\t\t<span class=\"indicator indicator-document\"><span><\/span><span><\/span><\/span>\n\t\t\t<\/span>\t\t\t\n\t\t<\/span>\n\t<\/span>\n<\/span><\/div><div class=\"c-one-fifth \"><span id=\"frame-counter-5\" class=\"frame type-simple aligncenter\">\n\t<span class=\"decorator\">\n\t\t<span class=\"outer\">\n\t\t\t<span class=\"inner\">\n\t\t\t\t<img loading=\"lazy\" decoding=\"async\" class=\"alignnone size-medium wp-image-17514\" src=\"https:\/\/www.equilibar.com\/wp-content\/uploads\/2018\/12\/vacuum-pilots-300x300.jpg\" alt=\"photo collage of vacuum pilot regulator\" width=\"300\" height=\"300\" srcset=\"https:\/\/www.equilibar.com\/wp-content\/uploads\/2018\/12\/vacuum-pilots-300x300.jpg 300w, https:\/\/www.equilibar.com\/wp-content\/uploads\/2018\/12\/vacuum-pilots-150x150.jpg 150w, https:\/\/www.equilibar.com\/wp-content\/uploads\/2018\/12\/vacuum-pilots-50x50.jpg 50w, https:\/\/www.equilibar.com\/wp-content\/uploads\/2018\/12\/vacuum-pilots-100x100.jpg 100w, https:\/\/www.equilibar.com\/wp-content\/uploads\/2018\/12\/vacuum-pilots-47x47.jpg 47w, https:\/\/www.equilibar.com\/wp-content\/uploads\/2018\/12\/vacuum-pilots.jpg 375w\" sizes=\"auto, (max-width: 300px) 100vw, 300px\" \/><a href=\"https:\/\/www.equilibar.com\/vacuum-regulators\/vacuum-pilot-regulators\">Vacuum\r\nPilot Regulators<\/a>\r\nmechanical, electronic\r\nand remote sensing\r\n\n\t\t\t\t<span class=\"indicator indicator-document\"><span><\/span><span><\/span><\/span>\n\t\t\t<\/span>\t\t\t\n\t\t<\/span>\n\t<\/span>\n<\/span><\/div><\/div><\/div>\r\n<\/div> <h4>Applications principales des r\u00e9gulateurs de vide Equilibar.<\/h4> <p><strong>Aspirateurs industriels &#8211;\u00a0<\/strong>Le r\u00e9gulateur Equilibar est id\u00e9al pour les applications o\u00f9 plusieurs utilisateurs partagent une source de vide commune.La pression des r\u00e9gulateurs de vide traditionnels variera avec la demande changeante des d\u00e9bits tant dis que celle des r\u00e9gulateurs de vide Equilibar restera au point de consigne.<br \/> <strong> Distillation sous vide<\/strong> &#8211; Le r\u00e9gulateur Equilibar assure un contr\u00f4le pr\u00e9cis, ainsi les temp\u00e9ratures peuvent \u00eatre maintenues pour am\u00e9liorer la distillation fractionn\u00e9e.<\/p> <p><strong>Op\u00e9rations de mise en conserve \u00e0 grande vitesse<\/strong> &#8211; Equilibar supprime la m\u00eame quantit\u00e9 d&#8217;air peu importe la vitesse \u00e0 laquelle la machine de mise en conserve tourne.<br \/> <strong>Simulation d&#8217;altitude<\/strong> &#8211; Equilibar peut supporter des d\u00e9bits \u00e9lev\u00e9s de sorte que les grandes chambres qui contiennent des \u00e9quipements qui soufflent de l&#8217;air gardent toujours la bonne altitude.<br \/> <strong>Moulage sous vide <\/strong> &#8211; Les gaz chauds du moule peuvent \u00eatre directement contr\u00f4l\u00e9s par Equilibar \u00e0 un point proche du moule.<br \/> <strong>La cristallisation sous vide<\/strong> &#8211; Equilibar est compatible avec les solvants et autres composants qui sont d\u00e9gag\u00e9s dans le processus.<br \/> <strong>D\u00e9shydratation sous vide <\/strong> &#8211; Le r\u00e9gulateur de vide Equilibar peut \u00eatre directement install\u00e9 dans les gaz chauds, humides ou corrosifs se d\u00e9gageant du processus.<\/p> <p class=\"p1\"><span class=\"s1\"><b>Protection des disques de rupture<\/b><\/span> &#8211; Le r\u00e9gulateur Equilibar peut contr\u00f4ler avec pr\u00e9cision des niveaux de vide aussi bas que 500 Pascals m\u00eame \u00e0 des d\u00e9bits \u00e9lev\u00e9s.<\/p> <p class=\"p2\"><span class=\"s1\"><b>Contactez directement un ing\u00e9nieur Equilibar<\/b><\/span><\/p> <p class=\"p1\"><span class=\"s1\">Equilibar r<\/span><span class=\"s2\">\u00e9<\/span><span class=\"s1\">pondra <\/span><span class=\"s2\">\u00e0<\/span><span class=\"s1\"> toutes vos questions. Un de nos ing<\/span><span class=\"s2\">\u00e9<\/span><span class=\"s1\">nieurs va rapidement regarder en d<\/span><span class=\"s2\">\u00e9<\/span><span class=\"s1\">tails votre application pour pouvoir vous indiquer le r<\/span><span class=\"s2\">\u00e9<\/span><span class=\"s1\">gulateur Equilibar qui sera le mieux adapt<\/span><span class=\"s2\">\u00e9<\/span> <span class=\"s2\">\u00e0<\/span><span class=\"s1\"> vos exigences techniques. Notre objectif est de vous fournir une r<\/span><span class=\"s2\">\u00e9<\/span><span class=\"s1\">ponse le m<\/span><span class=\"s2\">\u00ea<\/span><span class=\"s1\">me jour ouvrable ainsi, vous aurez une r<\/span><span class=\"s2\">\u00e9<\/span><span class=\"s1\">ponse disponible le lendemain matin. <\/span>Utilisez le formulaire ci-dessous pur contactez Equilibar ou un de nos partenaires.<\/p> <a id=\"button-counter-1\" class=\"button medium type-simple\" href=\"https:\/\/www.equilibar.com\/contact\/\" >Contactez-nous<\/a> <p><span style=\"line-height: 1.5;\"><\/div><\/span><\/p> <p><span style=\"line-height: 1.5;\"><div class=\"c-one-third \"><\/span><\/p> <p class=\"p1\"><span class=\"s1\"> <a title=\"Regulateurs De Contre Pression - Valves de Regulation de Vide\" href=\"https:\/\/www.equilibar.com\/fr\/\">Regulateurs De Contre Pression &#8211; Valves de Regulation de Vide<\/a> <\/span><\/p> <p class=\"p1\"><span class=\"s1\"> <a title=\"R\u00e9gulateurs de contre pression\" href=\"https:\/\/www.equilibar.com\/fr\/regulateurs-de-contre-pression-equilibar\/\">R\u00e9gulateurs de contre pression<\/a> <\/span><\/p> <p><!-- p class=\"p1\"><span class=\"s1\"> <a title=\"Conformit\u00e9 avec Directive \u00c9quipements sous Pression\" href=\"https:\/\/www.equilibar.com\/fr\/conformite-avec-directive-equipements-sous-pression\/\">Conformit\u00e9 avec Directive \u00c9quipements sous Pression<\/a> <\/span><\/p --> <p class=\"p1\"><span class=\"s1\"> <a title=\"Regulateurs Basse Pression\" href=\"https:\/\/www.equilibar.com\/fr\/regulateurs-basse-pression\/\">Regulateurs Basse Pression<\/a> <\/span><\/p> <div id=\"attachment_3572\" style=\"width: 218px\" class=\"wp-caption aligncenter\"><img loading=\"lazy\" decoding=\"async\" aria-describedby=\"caption-attachment-3572\" class=\"wp-image-3572 size-full\" src=\"https:\/\/www.equilibar.com\/wp-content\/uploads\/2015\/04\/2-set-point-options.gif\" alt=\"Vacuum Regulator is Manual or Electronic Operated\" width=\"208\" height=\"246\" \/><p id=\"caption-attachment-3572\" class=\"wp-caption-text\">Le r\u00e9gulateur de vide Equilibar peut-\u00eatre r\u00e9gl\u00e9 manuellement ou \u00e9lectroniquement<\/p><\/div> <p>&nbsp;<\/p> <p>&nbsp;<\/p> <div id=\"attachment_3579\" style=\"width: 230px\" class=\"wp-caption aligncenter\"><img loading=\"lazy\" decoding=\"async\" aria-describedby=\"caption-attachment-3579\" class=\"wp-image-3579 size-full\" src=\"https:\/\/www.equilibar.com\/wp-content\/uploads\/2015\/04\/High-Temperature-Service.jpg\" alt=\"R\u00e9gulateurs de vide \u00e0 haute temp\u00e9rature\" width=\"220\" height=\"223\" srcset=\"https:\/\/www.equilibar.com\/wp-content\/uploads\/2015\/04\/High-Temperature-Service.jpg 220w, https:\/\/www.equilibar.com\/wp-content\/uploads\/2015\/04\/High-Temperature-Service-50x50.jpg 50w, https:\/\/www.equilibar.com\/wp-content\/uploads\/2015\/04\/High-Temperature-Service-100x100.jpg 100w, https:\/\/www.equilibar.com\/wp-content\/uploads\/2015\/04\/High-Temperature-Service-47x47.jpg 47w\" sizes=\"auto, (max-width: 220px) 100vw, 220px\" \/><p id=\"caption-attachment-3579\" class=\"wp-caption-text\">La fabrication en acier inoxydable<br \/>permet \u00e0 ce r\u00e9gulateur de vide de fonctionner \u00e0 des temp\u00e9ratures \u00e9lev\u00e9es<\/p><\/div> <p>&nbsp;<\/p> <p><img loading=\"lazy\" decoding=\"async\" width=\"300\" height=\"225\" class=\"wp-image-3574 size-medium aligncenter\" src=\"https:\/\/www.equilibar.com\/wp-content\/uploads\/2015\/04\/Performance-Comparison-300x225.jpg\" alt=\"&quot;&lt;br\" srcset=\"https:\/\/www.equilibar.com\/wp-content\/uploads\/2015\/04\/Performance-Comparison-300x225.jpg 300w, https:\/\/www.equilibar.com\/wp-content\/uploads\/2015\/04\/Performance-Comparison.jpg 340w\" sizes=\"auto, (max-width: 300px) 100vw, 300px\" \/><\/p> <p>&nbsp;<\/p> <p>&nbsp;<\/p> <p>&nbsp;<\/p> <p>&nbsp;<\/p> <p>&nbsp;<\/p> <p class=\"p1\"><\/div><\/div><\/p> ","protected":false},"excerpt":{"rendered":"","protected":false},"author":1,"featured_media":0,"parent":0,"menu_order":0,"comment_status":"closed","ping_status":"closed","template":"","meta":{"_acf_changed":false,"footnotes":""},"class_list":["post-3703","page","type-page","status-publish","hentry"],"acf":[],"yoast_head":"<!-- This site is optimized with the Yoast SEO Premium plugin v27.4 (Yoast SEO v27.4) - https:\/\/yoast.com\/product\/yoast-seo-premium-wordpress\/ -->\n<title>Vannes de R\u00e9gulation du vide<\/title>\n<meta name=\"description\" content=\"Des r\u00e9gulateurs de contre-pression, des vannes de r\u00e9gulation du vide, et des syst\u00e8mes de contr\u00f4le \u00e0 faible pression et pression diff\u00e9rentielle.\" \/>\n<meta name=\"robots\" content=\"index, follow, max-snippet:-1, max-image-preview:large, max-video-preview:-1\" \/>\n<link rel=\"canonical\" href=\"https:\/\/www.equilibar.com\/fr\/regulateurs-de-vide-et-vannes-de-regulation-du-vide\/\" \/>\n<meta property=\"og:locale\" content=\"fr_FR\" \/>\n<meta property=\"og:type\" content=\"article\" \/>\n<meta property=\"og:title\" content=\"R\u00e9gulateurs de vide et vannes de r\u00e9gulation du vide\" \/>\n<meta property=\"og:description\" content=\"Des r\u00e9gulateurs de contre-pression, des vannes de r\u00e9gulation du vide, et des syst\u00e8mes de contr\u00f4le \u00e0 faible pression et pression diff\u00e9rentielle.\" \/>\n<meta property=\"og:url\" content=\"https:\/\/www.equilibar.com\/fr\/regulateurs-de-vide-et-vannes-de-regulation-du-vide\/\" \/>\n<meta property=\"og:site_name\" content=\"Equilibar\" \/>\n<meta property=\"article:publisher\" content=\"https:\/\/www.facebook.com\/pages\/Equilibar\/114261858601579\" \/>\n<meta property=\"article:modified_time\" content=\"2023-12-14T20:51:57+00:00\" \/>\n<meta property=\"og:image\" content=\"https:\/\/www.equilibar.com\/wp-content\/uploads\/2015\/04\/Direct-Vacuum-Pressure-Regualtor-Diagram-300x146.gif\" \/>\n<meta name=\"twitter:card\" content=\"summary_large_image\" \/>\n<meta name=\"twitter:site\" content=\"@equilibar\" \/>\n<meta name=\"twitter:label1\" content=\"Dur\u00e9e de lecture estim\u00e9e\" \/>\n\t<meta name=\"twitter:data1\" content=\"6 minutes\" \/>\n<!-- \/ Yoast SEO Premium plugin. -->","yoast_head_json":{"title":"Vannes de R\u00e9gulation du vide","description":"Des r\u00e9gulateurs de contre-pression, des vannes de r\u00e9gulation du vide, et des syst\u00e8mes de contr\u00f4le \u00e0 faible pression et pression diff\u00e9rentielle.","robots":{"index":"index","follow":"follow","max-snippet":"max-snippet:-1","max-image-preview":"max-image-preview:large","max-video-preview":"max-video-preview:-1"},"canonical":"https:\/\/www.equilibar.com\/fr\/regulateurs-de-vide-et-vannes-de-regulation-du-vide\/","og_locale":"fr_FR","og_type":"article","og_title":"R\u00e9gulateurs de vide et vannes de r\u00e9gulation du vide","og_description":"Des r\u00e9gulateurs de contre-pression, des vannes de r\u00e9gulation du vide, et des syst\u00e8mes de contr\u00f4le \u00e0 faible pression et pression diff\u00e9rentielle.","og_url":"https:\/\/www.equilibar.com\/fr\/regulateurs-de-vide-et-vannes-de-regulation-du-vide\/","og_site_name":"Equilibar","article_publisher":"https:\/\/www.facebook.com\/pages\/Equilibar\/114261858601579","article_modified_time":"2023-12-14T20:51:57+00:00","og_image":[{"url":"https:\/\/www.equilibar.com\/wp-content\/uploads\/2015\/04\/Direct-Vacuum-Pressure-Regualtor-Diagram-300x146.gif","type":"","width":"","height":""}],"twitter_card":"summary_large_image","twitter_site":"@equilibar","twitter_misc":{"Dur\u00e9e de lecture estim\u00e9e":"6 minutes"},"schema":{"@context":"https:\/\/schema.org","@graph":[{"@type":"WebPage","@id":"https:\/\/www.equilibar.com\/fr\/regulateurs-de-vide-et-vannes-de-regulation-du-vide\/","url":"https:\/\/www.equilibar.com\/fr\/regulateurs-de-vide-et-vannes-de-regulation-du-vide\/","name":"Vannes de R\u00e9gulation du vide","isPartOf":{"@id":"https:\/\/www.equilibar.com\/#website"},"primaryImageOfPage":{"@id":"https:\/\/www.equilibar.com\/fr\/regulateurs-de-vide-et-vannes-de-regulation-du-vide\/#primaryimage"},"image":{"@id":"https:\/\/www.equilibar.com\/fr\/regulateurs-de-vide-et-vannes-de-regulation-du-vide\/#primaryimage"},"thumbnailUrl":"https:\/\/www.equilibar.com\/wp-content\/uploads\/2015\/04\/Direct-Vacuum-Pressure-Regualtor-Diagram-300x146.gif","datePublished":"2015-04-10T18:32:02+00:00","dateModified":"2023-12-14T20:51:57+00:00","description":"Des r\u00e9gulateurs de contre-pression, des vannes de r\u00e9gulation du vide, et des syst\u00e8mes de contr\u00f4le \u00e0 faible pression et pression diff\u00e9rentielle.","inLanguage":"fr-FR","potentialAction":[{"@type":"ReadAction","target":["https:\/\/www.equilibar.com\/fr\/regulateurs-de-vide-et-vannes-de-regulation-du-vide\/"]}]},{"@type":"ImageObject","inLanguage":"fr-FR","@id":"https:\/\/www.equilibar.com\/fr\/regulateurs-de-vide-et-vannes-de-regulation-du-vide\/#primaryimage","url":"https:\/\/www.equilibar.com\/wp-content\/uploads\/2015\/04\/Direct-Vacuum-Pressure-Regualtor-Diagram-300x146.gif","contentUrl":"https:\/\/www.equilibar.com\/wp-content\/uploads\/2015\/04\/Direct-Vacuum-Pressure-Regualtor-Diagram-300x146.gif"},{"@type":"WebSite","@id":"https:\/\/www.equilibar.com\/#website","url":"https:\/\/www.equilibar.com\/","name":"Equilibar","description":"Precision Fluid Control","potentialAction":[{"@type":"SearchAction","target":{"@type":"EntryPoint","urlTemplate":"https:\/\/www.equilibar.com\/?s={search_term_string}"},"query-input":{"@type":"PropertyValueSpecification","valueRequired":true,"valueName":"search_term_string"}}],"inLanguage":"fr-FR"}]}},"_links":{"self":[{"href":"https:\/\/www.equilibar.com\/fr\/wp-json\/wp\/v2\/pages\/3703","targetHints":{"allow":["GET"]}}],"collection":[{"href":"https:\/\/www.equilibar.com\/fr\/wp-json\/wp\/v2\/pages"}],"about":[{"href":"https:\/\/www.equilibar.com\/fr\/wp-json\/wp\/v2\/types\/page"}],"author":[{"embeddable":true,"href":"https:\/\/www.equilibar.com\/fr\/wp-json\/wp\/v2\/users\/1"}],"replies":[{"embeddable":true,"href":"https:\/\/www.equilibar.com\/fr\/wp-json\/wp\/v2\/comments?post=3703"}],"version-history":[{"count":0,"href":"https:\/\/www.equilibar.com\/fr\/wp-json\/wp\/v2\/pages\/3703\/revisions"}],"wp:attachment":[{"href":"https:\/\/www.equilibar.com\/fr\/wp-json\/wp\/v2\/media?parent=3703"}],"curies":[{"name":"wp","href":"https:\/\/api.w.org\/{rel}","templated":true}]}}