{"id":3678,"date":"2015-04-10T18:02:52","date_gmt":"2015-04-10T18:02:52","guid":{"rendered":"http:\/\/www.equilibar.com\/low-pressure-regulators-2\/"},"modified":"2024-09-12T14:15:08","modified_gmt":"2024-09-12T18:15:08","slug":"reguladores-de-baja-presion","status":"publish","type":"page","link":"https:\/\/www.equilibar.com\/es\/reguladores-de-baja-presion\/","title":{"rendered":"Reguladores de Baja Presi\u00f3n"},"content":{"rendered":"<h2>Operados Manualmente o Controlados Electr\u00f3nicamente, Disponibles en Modelos para Velocidades de Flujo Bajas hasta Altas<\/h2> <div class=\"grid\"><div class=\"c-two-third \">Equilibar se especializa en el control de sistemas de presi\u00f3n baja y ultra-baja. Ofrecemos varios productos y tecnolog\u00edas singulares para trabajar en el rango debajo de 100 mBar. Haga clic en cualquier enlace para obtener m\u00e1s informaci\u00f3n en ingl\u00e9s.<\/p> <h3>Reguladores de Contrapresi\u00f3n HV para Velocidades de Flujo Muy Elevadas a Presiones Bajas<\/h3> <p>Los productos HV fueron optimizados para controlar elevadas velocidades de flujo a presiones menores de 1 bar. Una aplicaci\u00f3n t\u00edpica ser\u00eda mantener la presi\u00f3n de gas en un tanque grande a 100 mBar.<\/p> <p>La presi\u00f3n de gas excesiva tiene que ser descargada mientras el tanque se calienta durante el d\u00eda, o cuando se bombea m\u00e1s l\u00edquido al tanque. El HV est\u00e1 disponible en aleaci\u00f3n de acero 304L o en aleaci\u00f3n de acero 316L. Las opciones para el diafragma incluyen Tefl\u00f3n PTFE, polietileno UHMW, PEEK, Viton, Buna-N, y EPDM.<\/p> <p>El HV puede ser controlado con un peque\u00f1o regulador piloto ajustado manualmente, o remotamente con un regulador de presi\u00f3n controlado electr\u00f3nicamente.<\/p> <h3> <a href=\"https:\/\/www.equilibar.com\/low-pressure-control\/lpr2-ultra-low-pressure-regulator\/\">Regulador de Presi\u00f3n Ultra-Baja \u2013 LPR2<\/a> <\/h3> <p class=\"p1\"><span class=\"s1\"><b>\u00a1El rango m\u00e1s bajo disponible!<\/b><\/span><\/p> <p>El regulador reductor de presi\u00f3n controla la presi\u00f3n en el rango de 0,75 a 70 mBar (60-2000 pascal). El LPR2 es ideal para aplicaciones con bajas velocidades de flujo, e incluso con flujo cero. S\u00f3lo para aplicaciones de entrada de aire o gases inertes.<\/p> <p>Dise\u00f1ado para flujos muy bajos y condiciones sin procesos de flujo, el LPR2 es ideal para pruebas de laboratorio. Tambi\u00e9n se usa el LPR2 en equipos de calibraci\u00f3n o de control de calidad, para verificar el punto configurado de unidades que se est\u00e1n probando. Tambi\u00e9n se usa el LPR2 para proveer la presi\u00f3n del punto de configuraci\u00f3n al domo del regulador de contrapresi\u00f3n Equilibar.<\/p> <h3> <a href=\"\/?page_id=1811\">Con Alta Resoluci\u00f3n Regulador de Flujo Elevado, para Presi\u00f3n Baja<\/a> <\/h3> <p><strong>Precisi\u00f3n m\u00e1s elevada disponible en elevadas velocidades de flujo<br \/> <\/strong><br \/> os reguladores de presi\u00f3n Modelo 41 de Equilibar est\u00e1n disponibles con rangos tan bajos como 0-35 mBar y tan altos como 0-350 mBar.<\/p> <p>El tama\u00f1o grande de \u00bd&#8221; o \u00be&#8221; NPT (DN15 o DN20) permite velocidades de flujo elevadas de hasta 680 litros por minuto. Se ajusta el control de presi\u00f3n manualmente, con una perilla de m\u00faltiples vueltas.<\/p> <p>El Modelo 41 fue dise\u00f1ado para aplicaciones de aire y de gases inertes.<\/p> <h3><\/h3> <h3> <a href=\"\/?page_id=127\">Reguladores electr\u00f3nicos de presi\u00f3n ultra-baja<br \/> <\/a> <\/h3> <p>Equilibar ofrece el rango de presi\u00f3n m\u00e1s bajo disponible en reguladores de presi\u00f3n electr\u00f3nicos. La Serie Q ofrece rangos de presi\u00f3n completamente calibrados, tan bajos como 0-22 mBar (0-2500 pascal).<\/p> <p>El regulador de presi\u00f3n electr\u00f3nico QPV incorpora nueva tecnolog\u00eda de v\u00e1lvulas anal\u00f3gicas que tiene una verdadera v\u00e1lvula proporcional de solenoide. Se usa el QPV para controlar presi\u00f3n en una resoluci\u00f3n ultra-elevada con pr\u00e1cticamente nada de hist\u00e9resis o zona muerta.<\/p> <p>Los reguladores electr\u00f3nicos de la Serie Q controlan la presi\u00f3n en base a una se\u00f1al electr\u00f3nica de comando. Se usa un transductor de presi\u00f3n interna para medir el resultado de presi\u00f3n real. Una diferencia entre la entrada deseada de comando electr\u00f3nico y la presi\u00f3n lograda realmente har\u00e1 que el regulador Q energice una v\u00e1lvula de solenoide para aumentar o quitar aire de acuerdo al requerimiento. Las se\u00f1ales de comando disponibles incluyen 0-10VDC, 4-20mA, RS232\/RS485 y Ethernet IP serial digital.<\/p> <h3> <a href=\"\/?page_id=123\">Reguladores de Contrapresi\u00f3n para Presiones Ultra-Bajas<\/a> <\/h3> <p>Nuestro singular dise\u00f1o de regulador de presi\u00f3n provee lo m\u00e1ximo en sensibilidad y precisi\u00f3n. Las presiones de operaci\u00f3n pueden bajar hasta 60 pascal (1 mBar). La sensibilidad puede ser mejor que 0,1 mBar.<\/p> <p>Se puede usar el Regulador de Presi\u00f3n Ultra-Baja LPR2 para proveer una se\u00f1al de ajuste piloto. La fotograf\u00eda muestra un regulador electr\u00f3nico de baja presi\u00f3n de la Serie Q, proveyendo la se\u00f1al piloto a un regulador de contrapresi\u00f3n de la Serie GS.<\/p> <p>La principal ventaja del regulador de contrapresi\u00f3n Equilibar para aplicaciones de baja presi\u00f3n es que se lo puede usar con qu\u00edmicos agresivos, vapores, e incluso con flujo de dos fases.<\/p> <h3><\/h3> <h4>Aplicaciones Claves para Reguladores de Baja Presi\u00f3n:<\/h4> <p style=\"padding-left: 30px;\"><strong>Protecci\u00f3n de Discos de Ruptura:<\/strong>Si bien se los necesita por seguridad, el hecho de tener una ruptura de disco requiere detener temporalmente las operaciones. Con el control de contrapresi\u00f3n preciso de un Equilibar, es m\u00e1s probable que se eviten los picos de presi\u00f3n que causan la ruptura.<\/p> <p style=\"padding-left: 30px;\"><strong>Moldes de Extrusi\u00f3n:<\/strong> e puede usar un regulador Equilibar de baja presi\u00f3n para mantener la presi\u00f3n dentro de una extrusi\u00f3n caliente constante, mientras se enfr\u00eda. Se mantienen con mayor precisi\u00f3n el grosor y el di\u00e1metro de las paredes.<\/p> <p style=\"padding-left: 30px;\"><strong>Blanketing de Tanques o Relleno de Tanques: <\/strong> El Equilibar mantiene la presi\u00f3n con precisi\u00f3n, bajo un amplio rango de condiciones de flujo. Puede mantener con precisi\u00f3n la presi\u00f3n en situaciones de flujo reducido, y al mismo tiempo tener la capacidad de reserva para mantener bajo control los incrementos de flujo elevado.<\/p> <h4>Cont\u00e1ctese Directamente con un Ingeniero de Equilibar<\/h4> <p>Equilibar recibe con gusto su solicitud. Uno de nuestros ingenieros pronto revisar\u00e1 cuidadosamente los detalles de su solicitud para especificar el regulador Equilibar apropiado para cumplir sus requerimientos tecnol\u00f3gicos. Nuestra meta es responderle el mismo d\u00eda h\u00e1bil para que usted tenga una respuesta disponible a la siguiente ma\u00f1ana. Por favor use el formulario abajo.<\/p> <a id=\"button-counter-1\" class=\"button medium type-simple\" href=\"https:\/\/www.equilibar.com\/contact\/\" >Contacta con nosotras<\/a> <p class=\"p1\"><\/div> <p class=\"p1\"><span class=\"s1\"><div class=\"c-one-third \"><\/span><\/p> <p> <a title=\"Reguladores de Contrapresi\u00f3n y V\u00e1lvulas de Control de Vac\u00edo\" href=\"\/es\/\">Reguladores de Contrapresi\u00f3n y V\u00e1lvulas de Control de Vac\u00edo<\/a> <br \/> <a title=\"Reguladores de Contrapresi\u00f3n\" href=\"\/es\/reguladores-de-contrapresion-equilibar\/\">Reguladores de Contrapresi\u00f3n Equilibar<\/a> <br \/> <a title=\"Reguladores de Vac\u00edo y V\u00e1lvulas de Control de Vac\u00edo\" href=\"\/es\/reguladores-de-vacio-y-valvulas-de-control-de-vacio\/\">Reguladores de Vac\u00edo y V\u00e1lvulas de Control de Vac\u00edo<\/a> <\/p> <div id=\"attachment_3564\" style=\"width: 230px\" class=\"wp-caption aligncenter\"><img loading=\"lazy\" decoding=\"async\" aria-describedby=\"caption-attachment-3564\" class=\"wp-image-3564 size-full\" src=\"\/wp-content\/uploads\/2015\/04\/HV-Back-Pressure-Regulators.jpg\" alt=\"Regulador de Presi\u00f3n Ultra-Baja \u2013 LPR2\" width=\"220\" height=\"200\" \/><p id=\"caption-attachment-3564\" class=\"wp-caption-text\">El Regulador HV Controla\u2028la Contrapresi\u00f3n Cerca de la Presi\u00f3n Atmosf\u00e9rica a\u2028Velocidades de Flujo Elevadas<\/p><\/div> <div id=\"attachment_3560\" style=\"width: 170px\" class=\"wp-caption aligncenter\"><img loading=\"lazy\" decoding=\"async\" aria-describedby=\"caption-attachment-3560\" class=\"wp-image-3560 size-full\" src=\"\/wp-content\/uploads\/2015\/04\/Ultra-Low-Pressure-Regulator.jpg\" alt=\"Regular Presiones Bajas Con Alta Resoluci\u00f3n\" width=\"160\" height=\"196\" \/><p id=\"caption-attachment-3560\" class=\"wp-caption-text\"><em>El LPR2 &#8211; Regular Presiones Bajas Con Alta Resoluci\u00f3n<\/em><\/p><\/div> <div id=\"attachment_3561\" style=\"width: 110px\" class=\"wp-caption aligncenter\"><img loading=\"lazy\" decoding=\"async\" aria-describedby=\"caption-attachment-3561\" class=\"wp-image-3561 size-full\" src=\"\/wp-content\/uploads\/2015\/04\/high-flow-low-pressure-regulator.jpg\" alt=\"Regulador de Flujo Elevado, para Presi\u00f3n Baja\" width=\"100\" height=\"138\" \/><p id=\"caption-attachment-3561\" class=\"wp-caption-text\">El M4100 es un Regulador de Presi\u00f3n de Flujo Elevado para Presiones Bajas<\/p><\/div> <p>&nbsp;<\/p> <div id=\"attachment_18802\" style=\"width: 160px\" class=\"wp-caption aligncenter\"><img loading=\"lazy\" decoding=\"async\" aria-describedby=\"caption-attachment-18802\" class=\"wp-image-18802 size-thumbnail\" src=\"\/wp-content\/uploads\/2019\/01\/EQ-QPV-for-web-product-page-150x150.jpg\" alt=\"Photo of Equilibar QPV Electronic Pressure Regulator\" width=\"150\" height=\"150\" srcset=\"https:\/\/www.equilibar.com\/wp-content\/uploads\/2019\/01\/EQ-QPV-for-web-product-page-150x150.jpg 150w, https:\/\/www.equilibar.com\/wp-content\/uploads\/2019\/01\/EQ-QPV-for-web-product-page-300x300.jpg 300w, https:\/\/www.equilibar.com\/wp-content\/uploads\/2019\/01\/EQ-QPV-for-web-product-page-50x50.jpg 50w, https:\/\/www.equilibar.com\/wp-content\/uploads\/2019\/01\/EQ-QPV-for-web-product-page-100x100.jpg 100w, https:\/\/www.equilibar.com\/wp-content\/uploads\/2019\/01\/EQ-QPV-for-web-product-page-47x47.jpg 47w, https:\/\/www.equilibar.com\/wp-content\/uploads\/2019\/01\/EQ-QPV-for-web-product-page.jpg 650w\" sizes=\"auto, (max-width: 150px) 100vw, 150px\" \/><p id=\"caption-attachment-18802\" class=\"wp-caption-text\">Los reguladores de presi\u00f3n electr\u00f3nicos Serie Q tienen un sensor de presi\u00f3n para alta precisi\u00f3n<\/p><\/div> <p>&nbsp;<\/p> <div id=\"attachment_40741\" style=\"width: 264px\" class=\"wp-caption aligncenter\"><a href=\"\/wp-content\/uploads\/2019\/08\/GD4-with-QPV-300x300-web.png\"><img loading=\"lazy\" decoding=\"async\" aria-describedby=\"caption-attachment-40741\" class=\"wp-image-40741 \" src=\"\/wp-content\/uploads\/2019\/08\/GD4-with-QPV-300x300-web.png\" alt=\"Equilibar GD4 with QPV \" width=\"254\" height=\"254\" srcset=\"https:\/\/www.equilibar.com\/wp-content\/uploads\/2019\/08\/GD4-with-QPV-300x300-web.png 300w, https:\/\/www.equilibar.com\/wp-content\/uploads\/2019\/08\/GD4-with-QPV-300x300-web-150x150.png 150w, https:\/\/www.equilibar.com\/wp-content\/uploads\/2019\/08\/GD4-with-QPV-300x300-web-50x50.png 50w, https:\/\/www.equilibar.com\/wp-content\/uploads\/2019\/08\/GD4-with-QPV-300x300-web-100x100.png 100w, https:\/\/www.equilibar.com\/wp-content\/uploads\/2019\/08\/GD4-with-QPV-300x300-web-47x47.png 47w\" sizes=\"auto, (max-width: 254px) 100vw, 254px\" \/><\/a><p id=\"caption-attachment-40741\" class=\"wp-caption-text\">Un Piloto de la Serie Q Crea un Regulador Electr\u00f3nico de Contrapresi\u00f3n<\/p><\/div> <p>&nbsp;<\/p> <p class=\"p1\"><\/div><\/div><\/p> ","protected":false},"excerpt":{"rendered":"<p>Operados Manualmente o Controlados Electr\u00f3nicamente, Disponibles en Modelos para Velocidades de Flujo Bajas hasta Altas<\/p>\n","protected":false},"author":1,"featured_media":0,"parent":0,"menu_order":0,"comment_status":"closed","ping_status":"closed","template":"","meta":{"_acf_changed":false,"footnotes":""},"class_list":["post-3678","page","type-page","status-publish","hentry"],"acf":[],"yoast_head":"<!-- This site is optimized with the Yoast SEO Premium plugin v27.3 (Yoast SEO v27.3) - https:\/\/yoast.com\/product\/yoast-seo-premium-wordpress\/ -->\n<title>Reguladores de Baja Presi\u00f3n | Reguladores de Reducci\u00f3n Presi\u00f3n<\/title>\n<meta name=\"description\" content=\"Ofreciendo reguladores de baja presi\u00f3n, sistemas de control de baja presi\u00f3n, reguladores de reducci\u00f3n de presi\u00f3n, man\u00f3metros de presi\u00f3n diferencia, y reguladores electr\u00f3nicos de baja presi\u00f3n.\" \/>\n<meta name=\"robots\" content=\"index, follow, max-snippet:-1, max-image-preview:large, max-video-preview:-1\" \/>\n<link rel=\"canonical\" href=\"https:\/\/www.equilibar.com\/es\/reguladores-de-baja-presion\/\" \/>\n<meta property=\"og:locale\" content=\"es_ES\" \/>\n<meta property=\"og:type\" content=\"article\" \/>\n<meta property=\"og:title\" content=\"Reguladores de Baja Presi\u00f3n\" \/>\n<meta property=\"og:description\" content=\"Ofreciendo reguladores de baja presi\u00f3n, sistemas de control de baja presi\u00f3n, reguladores de reducci\u00f3n de presi\u00f3n, man\u00f3metros de presi\u00f3n diferencia, y reguladores electr\u00f3nicos de baja presi\u00f3n.\" \/>\n<meta property=\"og:url\" content=\"https:\/\/www.equilibar.com\/es\/reguladores-de-baja-presion\/\" \/>\n<meta property=\"og:site_name\" content=\"Equilibar\" \/>\n<meta property=\"article:publisher\" content=\"https:\/\/www.facebook.com\/pages\/Equilibar\/114261858601579\" \/>\n<meta property=\"article:modified_time\" content=\"2024-09-12T18:15:08+00:00\" \/>\n<meta property=\"og:image\" content=\"http:\/\/www.equilibar.com\/wp-content\/uploads\/2015\/04\/HV-Back-Pressure-Regulators.jpg\" \/>\n<meta name=\"twitter:card\" content=\"summary_large_image\" \/>\n<meta name=\"twitter:site\" content=\"@equilibar\" \/>\n<meta name=\"twitter:label1\" content=\"Tiempo de lectura\" \/>\n\t<meta name=\"twitter:data1\" content=\"6 minutes\" \/>\n<!-- \/ Yoast SEO Premium plugin. -->","yoast_head_json":{"title":"Reguladores de Baja Presi\u00f3n | Reguladores de Reducci\u00f3n Presi\u00f3n","description":"Ofreciendo reguladores de baja presi\u00f3n, sistemas de control de baja presi\u00f3n, reguladores de reducci\u00f3n de presi\u00f3n, man\u00f3metros de presi\u00f3n diferencia, y reguladores electr\u00f3nicos de baja presi\u00f3n.","robots":{"index":"index","follow":"follow","max-snippet":"max-snippet:-1","max-image-preview":"max-image-preview:large","max-video-preview":"max-video-preview:-1"},"canonical":"https:\/\/www.equilibar.com\/es\/reguladores-de-baja-presion\/","og_locale":"es_ES","og_type":"article","og_title":"Reguladores de Baja Presi\u00f3n","og_description":"Ofreciendo reguladores de baja presi\u00f3n, sistemas de control de baja presi\u00f3n, reguladores de reducci\u00f3n de presi\u00f3n, man\u00f3metros de presi\u00f3n diferencia, y reguladores electr\u00f3nicos de baja presi\u00f3n.","og_url":"https:\/\/www.equilibar.com\/es\/reguladores-de-baja-presion\/","og_site_name":"Equilibar","article_publisher":"https:\/\/www.facebook.com\/pages\/Equilibar\/114261858601579","article_modified_time":"2024-09-12T18:15:08+00:00","og_image":[{"url":"http:\/\/www.equilibar.com\/wp-content\/uploads\/2015\/04\/HV-Back-Pressure-Regulators.jpg","type":"","width":"","height":""}],"twitter_card":"summary_large_image","twitter_site":"@equilibar","twitter_misc":{"Tiempo de lectura":"6 minutes"},"schema":{"@context":"https:\/\/schema.org","@graph":[{"@type":"WebPage","@id":"https:\/\/www.equilibar.com\/es\/reguladores-de-baja-presion\/","url":"https:\/\/www.equilibar.com\/es\/reguladores-de-baja-presion\/","name":"Reguladores de Baja Presi\u00f3n | Reguladores de Reducci\u00f3n Presi\u00f3n","isPartOf":{"@id":"https:\/\/www.equilibar.com\/#website"},"primaryImageOfPage":{"@id":"https:\/\/www.equilibar.com\/es\/reguladores-de-baja-presion\/#primaryimage"},"image":{"@id":"https:\/\/www.equilibar.com\/es\/reguladores-de-baja-presion\/#primaryimage"},"thumbnailUrl":"http:\/\/www.equilibar.com\/wp-content\/uploads\/2015\/04\/HV-Back-Pressure-Regulators.jpg","datePublished":"2015-04-10T18:02:52+00:00","dateModified":"2024-09-12T18:15:08+00:00","description":"Ofreciendo reguladores de baja presi\u00f3n, sistemas de control de baja presi\u00f3n, reguladores de reducci\u00f3n de presi\u00f3n, man\u00f3metros de presi\u00f3n diferencia, y reguladores electr\u00f3nicos de baja presi\u00f3n.","inLanguage":"es-ES","potentialAction":[{"@type":"ReadAction","target":["https:\/\/www.equilibar.com\/es\/reguladores-de-baja-presion\/"]}]},{"@type":"ImageObject","inLanguage":"es-ES","@id":"https:\/\/www.equilibar.com\/es\/reguladores-de-baja-presion\/#primaryimage","url":"http:\/\/www.equilibar.com\/wp-content\/uploads\/2015\/04\/HV-Back-Pressure-Regulators.jpg","contentUrl":"http:\/\/www.equilibar.com\/wp-content\/uploads\/2015\/04\/HV-Back-Pressure-Regulators.jpg"},{"@type":"WebSite","@id":"https:\/\/www.equilibar.com\/#website","url":"https:\/\/www.equilibar.com\/","name":"Equilibar","description":"Precision Fluid Control","potentialAction":[{"@type":"SearchAction","target":{"@type":"EntryPoint","urlTemplate":"https:\/\/www.equilibar.com\/?s={search_term_string}"},"query-input":{"@type":"PropertyValueSpecification","valueRequired":true,"valueName":"search_term_string"}}],"inLanguage":"es-ES"}]}},"_links":{"self":[{"href":"https:\/\/www.equilibar.com\/es\/wp-json\/wp\/v2\/pages\/3678","targetHints":{"allow":["GET"]}}],"collection":[{"href":"https:\/\/www.equilibar.com\/es\/wp-json\/wp\/v2\/pages"}],"about":[{"href":"https:\/\/www.equilibar.com\/es\/wp-json\/wp\/v2\/types\/page"}],"author":[{"embeddable":true,"href":"https:\/\/www.equilibar.com\/es\/wp-json\/wp\/v2\/users\/1"}],"replies":[{"embeddable":true,"href":"https:\/\/www.equilibar.com\/es\/wp-json\/wp\/v2\/comments?post=3678"}],"version-history":[{"count":0,"href":"https:\/\/www.equilibar.com\/es\/wp-json\/wp\/v2\/pages\/3678\/revisions"}],"wp:attachment":[{"href":"https:\/\/www.equilibar.com\/es\/wp-json\/wp\/v2\/media?parent=3678"}],"curies":[{"name":"wp","href":"https:\/\/api.w.org\/{rel}","templated":true}]}}