{"id":3670,"date":"2015-04-10T18:32:02","date_gmt":"2015-04-10T18:32:02","guid":{"rendered":"http:\/\/www.equilibar.com\/equilibar-vacuum-regulators-vacuum-control-valves-2\/"},"modified":"2023-12-14T18:02:03","modified_gmt":"2023-12-14T22:02:03","slug":"reguladores-de-vacio-y-valvulas-de-control-de-vacio","status":"publish","type":"page","link":"https:\/\/www.equilibar.com\/es\/reguladores-de-vacio-y-valvulas-de-control-de-vacio\/","title":{"rendered":"Reguladores de Vac\u00edo y V\u00e1lvulas de Control de Vac\u00edo"},"content":{"rendered":"<div class=\"grid\"><div class=\"c-two-third \"> <h2>Tecnolog\u00eda Singular de Control de Presi\u00f3n para Aplicaciones Altamente Exigentes<\/h2> <p>El dise\u00f1o Equilibar de regulador de vac\u00edo funciona de una manera diferente a los dise\u00f1os de regulador tradicionales. Un diagrama flexible es la \u00fanica pieza m\u00f3vil. Se aplica una se\u00f1al de vac\u00edo de punto de configuraci\u00f3n en un lado de este diafragma.<\/p> <p>El diafragma tapa directamente m\u00faltiples orificios para controlar el flujo de proceso principal. Se logra un equilibrio uno-a-uno incre\u00edblemente sensible entre la presi\u00f3n del puerto de entrada y la presi\u00f3n piloto de referencia.<\/p> <p>Esto significa que su proceso al vac\u00edo puede permanecer estable a\u00fan en el caso de amplias variaciones en la velocidad de flujo y niveles de vac\u00edo de suministro.<\/p> <h3>Ventajas Clave del Dise\u00f1o Equilibar<\/h3> <p style=\"padding-left: 30px;\"><strong>Control de Vac\u00edo Estable con Velocidades de Flujo Cambiantes<\/strong><br \/> Este gr\u00e1fico muestra c\u00f3mo las velocidades de flujo cambiantes afectan su control de presi\u00f3n de vac\u00edo.<\/p> <p style=\"padding-left: 30px;\">Un regulador de vac\u00edo tradicional, operado con resorte, s\u00f3lo mantendr\u00e1 el vac\u00edo en su punto de configuraci\u00f3n bajo una condici\u00f3n de flujo.<\/p> <p style=\"padding-left: 30px;\">Un cambio en la velocidad de flujo causar\u00e1 un cambio en la configuraci\u00f3n del vac\u00edo.<\/p> <p style=\"padding-left: 30px;\">El dise\u00f1o Equilibar no tiene rozamiento, y no se basa en un resorte mec\u00e1nico. El vac\u00edo en el sistema permanece estable en su punto de configuraci\u00f3n deseado, aun cuando cambia la velocidad de flujo del sistema.<\/p> <h4 style=\"padding-left: 30px;\">Operaci\u00f3n con Temperaturas Elevadas o Medios Corrosivos<\/h4> <p style=\"padding-left: 30px;\">Los reguladores de vac\u00edo Equilibar son fabricados de barras fuertes. Usted puede seleccionar el material de cuerpo apropiado para su aplicaci\u00f3n. Las opciones incluyen acero inoxidable 316L, Alloy20, Hastelloy, PVDF, PVC, CPVC, Acetal, y PTFE.<\/p> <p style=\"padding-left: 30px;\">Con mucho gusto consultaremos con usted acerca de otros materiales personalizados. Se puede fabricar el diafragma de PTFE, PEEK, Viton, Buna-N, EPDM, y hay otras opciones disponibles.<\/p> <p style=\"padding-left: 30px;\">Para un control directo del vac\u00edo en el caso de temperaturas elevadas, se pueden seleccionar diafragmas de l\u00e1minas de metal delgadas.<\/p> <h4 style=\"padding-left: 30px;\">Reacci\u00f3n R\u00e1pida Sin Demora<\/h4> <p style=\"padding-left: 30px;\">El dise\u00f1o Equilibar es un verdadero regulador de vac\u00edo, no una v\u00e1lvula de control de flujo. El regulador Equilibar responde autom\u00e1ticamente a la velocidad de flujo del sistema o a cambios de presi\u00f3n de suministro, para mantener el nivel de su vac\u00edo en el punto de configuraci\u00f3n deseado. Los tiempos de reacci\u00f3n est\u00e1n en el orden de unos pocos milisegundos. La se\u00f1al de vac\u00edo que se aplica al puerto piloto ser\u00e1 reproducida en el puerto de entrada controlado en una relaci\u00f3n 1:1 precisa.<\/p> <h4 style=\"padding-left: 30px;\">Maneja Mezclas de Gases y Flujos de L\u00edquido<\/h4> <p style=\"padding-left: 30px;\">El dise\u00f1o Equilibar de m\u00faltiples orificios permite controlar directamente medios h\u00famedos. No se requiere un separador. Se permite pasar a los medios l\u00edquidos por algunos de los orificios, mientras que se controla el gas a trav\u00e9s de los orificios restantes. Esto ocurre de manera natural. Se mantiene la presi\u00f3n de vac\u00edo sin picos de presi\u00f3n.<\/p> <h3>C\u00f3mo Funciona: Tecnolog\u00eda Directa de Regulaci\u00f3n de Vac\u00edo<\/h3> <div id=\"attachment_3580\" style=\"width: 310px\" class=\"wp-caption alignleft\"><img loading=\"lazy\" decoding=\"async\" aria-describedby=\"caption-attachment-3580\" class=\"wp-image-3580 size-medium\" src=\"\/wp-content\/uploads\/2015\/04\/Direct-Vacuum-Pressure-Regualtor-Diagram-300x146.gif\" alt=\"Controlando el Flujo a la Bomba de Vac\u00edo\" width=\"300\" height=\"146\" \/><p id=\"caption-attachment-3580\" class=\"wp-caption-text\">Diagrama Esquem\u00e1tico del Regulador de Presi\u00f3n de Vac\u00edo Equilibar Regula el Vac\u00edo.<\/p><\/div> <p class=\"p1\" style=\"text-align: left;\">El Equilibar regula el vac\u00edo modulando la cantidad del flujo que sale del proceso y entra a la bomba de vac\u00edo. El Equilibar no agrega aire al proceso desde fuera.<\/p> <p>Conecte su bomba de vac\u00edo o el equipo de vac\u00edo propio al puerto de salida. Conecte el proceso que quiere controlar al puerto de entrada. Ajuste la presi\u00f3n piloto para lograr el nivel de vac\u00edo deseado.<\/p> <div id=\"attachment_3581\" style=\"width: 310px\" class=\"wp-caption alignright\"><img loading=\"lazy\" decoding=\"async\" aria-describedby=\"caption-attachment-3581\" class=\"wp-image-3581 size-medium\" src=\"\/wp-content\/uploads\/2015\/04\/Equilibar-is-not-a-vacuum-300x165.png\" alt=\"Esquema de Interruptor de Vac\u00edo\u2028\" width=\"300\" height=\"165\" srcset=\"https:\/\/www.equilibar.com\/wp-content\/uploads\/2015\/04\/Equilibar-is-not-a-vacuum-300x165.png 300w, https:\/\/www.equilibar.com\/wp-content\/uploads\/2015\/04\/Equilibar-is-not-a-vacuum.png 476w\" sizes=\"auto, (max-width: 300px) 100vw, 300px\" \/><p id=\"caption-attachment-3581\" class=\"wp-caption-text\">Un Interruptor de Vac\u00edo Regula el Aire en Todo el Sistema<\/p><\/div> <h4><\/h4> <h4>Equilibar no es un Interruptor de Vac\u00edo<\/h4> <p>Los interruptores de vac\u00edo controlan el vac\u00edo agregando m\u00e1s aire al proceso de lo que puede quitar la bomba de vac\u00edo. As\u00ed, se \u201cinterrumpe\u201d la capacidad de la bomba de vac\u00edo de quitar el aire.<\/p> <p>Una desventaja de romper el vac\u00edo es que cada l\u00ednea conectada a la bomba de vac\u00edo ser\u00e1 configurada al mismo nivel de vac\u00edo. No es posible ajustar l\u00edneas individuales a configuraciones de vac\u00edo distintas.<\/p> <p><strong> Para m\u00e1s informaci\u00f3n, los siguientes enlaces van a p\u00e1ginas en ingl\u00e9s. <\/strong><\/p> <p style=\"text-align: center;\"> <a href=\"\/vacuum-regulators\/high-precision-vacuum-regulators\/\" target=\"_blank\" rel=\"noopener\">Reguladores de Vac\u00edo de Alta Precisi\u00f3n<\/a> | <a href=\"\/vacuum-regulators\/high-flow-vacuum-valves\/\">Regulador de Vac\u00edo de Flujo Elevado<\/a> <br \/> <a href=\"\/vacuum-regulators\/electronic-vacuum-regulators\/\">Regulador Electr\u00f3nico de Vac\u00edo<\/a> | <a href=\"\/vacuum-regulators\/electronic-vacuum-valves\/\">V\u00e1lvulas de Vac\u00edo Electr\u00f3nicas Grandes<\/a> <\/p> <div class=\"product-include vr-squares\">\r\n<div class=\"grid\"><div class=\"grid\"><div class=\"c-one-fifth \"><span id=\"frame-counter-1\" class=\"frame type-simple aligncenter\">\n\t<span class=\"decorator\">\n\t\t<span class=\"outer\">\n\t\t\t<span class=\"inner\">\n\t\t\t\t<img loading=\"lazy\" decoding=\"async\" class=\"alignnone\" src=\"http:\/\/www.equilibar.com\/images\/stainless-steel-vacuum-regulator_120.jpg\" alt=\"image of equilibar high precision vacuum regulator EVR with mechanical pilot\" width=\"128\" height=\"128\" \/><a href=\"http:\/\/www.equilibar.com\/vacuum-regulators\/high-precision-vacuum-regulators\/\">High Precision Vacuum Regulators<\/a>\r\n1\/4\" to 1\"\r\n0 - 30 inHg \/ 762 mm Hg\n\t\t\t\t<span class=\"indicator indicator-document\"><span><\/span><span><\/span><\/span>\n\t\t\t<\/span>\t\t\t\n\t\t<\/span>\n\t<\/span>\n<\/span><\/div><div class=\"c-one-fifth \"><span id=\"frame-counter-2\" class=\"frame type-simple aligncenter\">\n\t<span class=\"decorator\">\n\t\t<span class=\"outer\">\n\t\t\t<span class=\"inner\">\n\t\t\t\t<img loading=\"lazy\" decoding=\"async\" class=\"alignnone\" style=\"line-height: 1.5em;\" src=\"http:\/\/www.equilibar.com\/images\/PVC-vacuum-regulating-valve.jpg\" alt=\"image of Equilibar High Flow Vacuum Regulator with mechanical vacuum pilot regulator\" width=\"225\" height=\"225\" \/><a href=\"https:\/\/www.equilibar.com\/vacuum-regulators\/high-flow-vacuum-valves\/standard-high-flow-vacuum-valves\/\">High Flow Vacuum Valves<\/a>\r\n1.5\" to 4\"\r\n0 - 30 inHg \/ 762 mm Hg\n\t\t\t\t<span class=\"indicator indicator-document\"><span><\/span><span><\/span><\/span>\n\t\t\t<\/span>\t\t\t\n\t\t<\/span>\n\t<\/span>\n<\/span><\/div><div class=\"c-one-fifth \"><span id=\"frame-counter-3\" class=\"frame type-simple aligncenter\">\n\t<span class=\"decorator\">\n\t\t<span class=\"outer\">\n\t\t\t<span class=\"inner\">\n\t\t\t\t<img loading=\"lazy\" decoding=\"async\" class=\"alignnone wp-image-39418 size-full\" src=\"https:\/\/www.equilibar.com\/wp-content\/uploads\/2023\/12\/EVR-GSD8-QPV-M-300by300-Copy.jpg\" alt=\"photo of an Equilibar vacuum regulator with electronic pilot regulator for automation\" width=\"300\" height=\"300\" srcset=\"https:\/\/www.equilibar.com\/wp-content\/uploads\/2023\/12\/EVR-GSD8-QPV-M-300by300-Copy.jpg 300w, https:\/\/www.equilibar.com\/wp-content\/uploads\/2023\/12\/EVR-GSD8-QPV-M-300by300-Copy-150x150.jpg 150w, https:\/\/www.equilibar.com\/wp-content\/uploads\/2023\/12\/EVR-GSD8-QPV-M-300by300-Copy-50x50.jpg 50w, https:\/\/www.equilibar.com\/wp-content\/uploads\/2023\/12\/EVR-GSD8-QPV-M-300by300-Copy-100x100.jpg 100w, https:\/\/www.equilibar.com\/wp-content\/uploads\/2023\/12\/EVR-GSD8-QPV-M-300by300-Copy-47x47.jpg 47w\" sizes=\"auto, (max-width: 300px) 100vw, 300px\" \/><a href=\"http:\/\/www.equilibar.com\/vacuum-regulators\/electronic-vacuum-regulators\/\">Electronic\r\nVacuum Regulators<\/a>\r\n1\/4\" to 1\"\r\n0 - 30 in Hg \/ 762 mm Hg\n\t\t\t\t<span class=\"indicator indicator-document\"><span><\/span><span><\/span><\/span>\n\t\t\t<\/span>\t\t\t\n\t\t<\/span>\n\t<\/span>\n<\/span><\/div><div class=\"c-one-fifth \"><span id=\"frame-counter-4\" class=\"frame type-simple aligncenter\">\n\t<span class=\"decorator\">\n\t\t<span class=\"outer\">\n\t\t\t<span class=\"inner\">\n\t\t\t\t<img loading=\"lazy\" decoding=\"async\" class=\"alignnone wp-image-39570 size-full\" src=\"https:\/\/www.equilibar.com\/wp-content\/uploads\/2023\/12\/EVR-BD16-QPV-300x300-1.jpg\" alt=\"photo of an Equilibar EVR-BD16 with an electronic pilot regulator\" width=\"300\" height=\"300\" srcset=\"https:\/\/www.equilibar.com\/wp-content\/uploads\/2023\/12\/EVR-BD16-QPV-300x300-1.jpg 300w, https:\/\/www.equilibar.com\/wp-content\/uploads\/2023\/12\/EVR-BD16-QPV-300x300-1-150x150.jpg 150w, https:\/\/www.equilibar.com\/wp-content\/uploads\/2023\/12\/EVR-BD16-QPV-300x300-1-50x50.jpg 50w, https:\/\/www.equilibar.com\/wp-content\/uploads\/2023\/12\/EVR-BD16-QPV-300x300-1-100x100.jpg 100w, https:\/\/www.equilibar.com\/wp-content\/uploads\/2023\/12\/EVR-BD16-QPV-300x300-1-47x47.jpg 47w\" sizes=\"auto, (max-width: 300px) 100vw, 300px\" \/><a href=\"https:\/\/www.equilibar.com\/vacuum-regulators\/electronic-vacuum-valves\/\">Larger Electronic\r\nVacuum Valves<\/a>\r\n1.5\" to 4\"\r\n0 - 30 in Hg \/ 762 mm Hg\r\n\n\t\t\t\t<span class=\"indicator indicator-document\"><span><\/span><span><\/span><\/span>\n\t\t\t<\/span>\t\t\t\n\t\t<\/span>\n\t<\/span>\n<\/span><\/div><div class=\"c-one-fifth \"><span id=\"frame-counter-5\" class=\"frame type-simple aligncenter\">\n\t<span class=\"decorator\">\n\t\t<span class=\"outer\">\n\t\t\t<span class=\"inner\">\n\t\t\t\t<img loading=\"lazy\" decoding=\"async\" class=\"alignnone size-medium wp-image-17514\" src=\"https:\/\/www.equilibar.com\/wp-content\/uploads\/2018\/12\/vacuum-pilots-300x300.jpg\" alt=\"photo collage of vacuum pilot regulator\" width=\"300\" height=\"300\" srcset=\"https:\/\/www.equilibar.com\/wp-content\/uploads\/2018\/12\/vacuum-pilots-300x300.jpg 300w, https:\/\/www.equilibar.com\/wp-content\/uploads\/2018\/12\/vacuum-pilots-150x150.jpg 150w, https:\/\/www.equilibar.com\/wp-content\/uploads\/2018\/12\/vacuum-pilots-50x50.jpg 50w, https:\/\/www.equilibar.com\/wp-content\/uploads\/2018\/12\/vacuum-pilots-100x100.jpg 100w, https:\/\/www.equilibar.com\/wp-content\/uploads\/2018\/12\/vacuum-pilots-47x47.jpg 47w, https:\/\/www.equilibar.com\/wp-content\/uploads\/2018\/12\/vacuum-pilots.jpg 375w\" sizes=\"auto, (max-width: 300px) 100vw, 300px\" \/><a href=\"https:\/\/www.equilibar.com\/vacuum-regulators\/vacuum-pilot-regulators\">Vacuum\r\nPilot Regulators<\/a>\r\nmechanical, electronic\r\nand remote sensing\r\n\n\t\t\t\t<span class=\"indicator indicator-document\"><span><\/span><span><\/span><\/span>\n\t\t\t<\/span>\t\t\t\n\t\t<\/span>\n\t<\/span>\n<\/span><\/div><\/div><\/div>\r\n<\/div> <h4>Aplicaciones Clave para los Reguladores de Vac\u00edo Equilibar<\/h4> <p style=\"padding-left: 30px;\"><strong>Vac\u00edo Industrial <\/strong>\u2013 El regulador Equilibar es ideal para aplicaciones en las que m\u00faltiples usuarios comparten un suministro de vac\u00edo en com\u00fan. La presi\u00f3n de los reguladores de vac\u00edo tradicionales fluctuar\u00e1 de acuerdo a la demanda de flujo cambiante, mientras que los reguladores de vac\u00edo Equilibar mantendr\u00e1n su punto de configuraci\u00f3n.<br \/> <strong><br \/> Destilaci\u00f3n al Vac\u00edo <\/strong> \u2013 El regulador Equilibar controla con precisi\u00f3n, de modo que se pueden mantener las temperaturas para una mejor destilaci\u00f3n fraccionada.<br \/> <strong>Operaciones de Enlatado de Alta Velocidad<\/strong> \u2013 El Equilibar elimina la misma cantidad de aire, independientemente de la velocidad en la que gira la maquinaria de enlatado.<br \/> <strong>Simulaci\u00f3n de Altura<\/strong> \u2013 El Equilibar puede manejar elevadas velocidades de flujo, de modo que c\u00e1maras grandes que contienen equipos que emiten aire se mantienen consistentes a la altura correcta.<br \/> <strong> Moldura al Vac\u00edo <\/strong> \u2013 Los gases calientes del molde pueden ser controlados directamente por el Equilibar, en un punto cercano al molde.<br \/> <strong> Moldura al Vac\u00edo<\/strong> \u2013 Los gases calientes del molde pueden ser controlados directamente por el Equilibar, en un punto cercano al molde.<br \/> <strong>Deshidrataci\u00f3n al Vac\u00edo<\/strong> \u2013 El regulador de vac\u00edo Equilibar puede ser instalado directamente en los gases calientes, h\u00famedos, o corrosivos que salen del proceso.<br \/> <strong>Control de Presi\u00f3n de Guantera<\/strong> \u2013 El regulador Equilibar puede controlar con precisi\u00f3n niveles de vac\u00edo tan bajos como 500 pascal, incluso con elevadas velocidades de flujo.<\/p> <h4>Cont\u00e1ctese Directamente con un Ingeniero de Equilibar<\/h4> <p>Equilibar recibe con gusto su solicitud. Uno de nuestros ingenieros pronto revisar\u00e1 cuidadosamente los detalles de su solicitud para especificar el regulador Equilibar apropiado para cumplir sus requerimientos tecnol\u00f3gicos. Nuestra meta es responderle el mismo d\u00eda h\u00e1bil para que usted tenga una respuesta disponible a la siguiente ma\u00f1ana. Por favor use el formulario abajo.<\/p> <p style=\"text-align: center;\"><a id=\"button-counter-1\" class=\"button medium type-simple\" href=\"https:\/\/www.equilibar.com\/contact\/\" >Contacta con nosotras<\/a><\/p> <p class=\"p1\"><\/div> <p class=\"p1\"><span class=\"s1\"><div class=\"c-one-third \"><\/span><\/p> <p> <a title=\"Reguladores de Contrapresi\u00f3n y V\u00e1lvulas de Control de Vac\u00edo\" href=\"\/es\/\">Reguladores de Contrapresi\u00f3n y V\u00e1lvulas de Control de Vac\u00edo<\/a> <\/p> <p> <a title=\"Reguladores de Contrapresi\u00f3n\" href=\"\/es\/reguladores-de-contrapresion-equilibar\/\">Reguladores de Contrapresi\u00f3n Equilibar<\/a> <\/p> <p><!-- a title=\"Directiva de Equipos de Presi\u00f3n 2014\" href=\"\/es\/directiva-de-equipos-de-presion-2014\/\">Directiva de Equipos de Presi\u00f3n 2014<\/a --><\/p> <p> <a title=\"Reguladores de Baja Presi\u00f3n\" href=\"\/es\/reguladores-de-baja-presion\/\">Reguladores de Baja Presi\u00f3n<\/a> <\/p> <div id=\"attachment_3572\" style=\"width: 218px\" class=\"wp-caption aligncenter\"><img loading=\"lazy\" decoding=\"async\" aria-describedby=\"caption-attachment-3572\" class=\"wp-image-3572 size-full\" src=\"\/wp-content\/uploads\/2015\/04\/2-set-point-options.gif\" alt=\"Regulador de Vac\u00edo Equilibar\" width=\"208\" height=\"246\" \/><p id=\"caption-attachment-3572\" class=\"wp-caption-text\">El Regulador de Vac\u00edo Equilibar Puede ser Configurado\u2028Manualmente o Electr\u00f3nicamente<\/p><\/div> <div id=\"attachment_3574\" style=\"width: 310px\" class=\"wp-caption aligncenter\"><img loading=\"lazy\" decoding=\"async\" aria-describedby=\"caption-attachment-3574\" class=\"wp-image-3574 size-medium\" src=\"\/wp-content\/uploads\/2015\/04\/Performance-Comparison-300x225.jpg\" alt=\" Regulador de Vac\u00edo\" width=\"300\" height=\"225\" srcset=\"https:\/\/www.equilibar.com\/wp-content\/uploads\/2015\/04\/Performance-Comparison-300x225.jpg 300w, https:\/\/www.equilibar.com\/wp-content\/uploads\/2015\/04\/Performance-Comparison.jpg 340w\" sizes=\"auto, (max-width: 300px) 100vw, 300px\" \/><p id=\"caption-attachment-3574\" class=\"wp-caption-text\">Gr\u00e1fico de Curva de Rendimiento del Regulador de Vac\u00edo El Vac\u00edo Permanece Estable con Mayores Velocidades de Flujo<\/p><\/div> <div id=\"attachment_3579\" style=\"width: 230px\" class=\"wp-caption aligncenter\"><img loading=\"lazy\" decoding=\"async\" aria-describedby=\"caption-attachment-3579\" class=\"wp-image-3579 size-full\" src=\"\/wp-content\/uploads\/2015\/04\/High-Temperature-Service.jpg\" alt=\"Regulador de Vac\u00edo para Temperaturas Elevadas\" width=\"220\" height=\"223\" srcset=\"https:\/\/www.equilibar.com\/wp-content\/uploads\/2015\/04\/High-Temperature-Service.jpg 220w, https:\/\/www.equilibar.com\/wp-content\/uploads\/2015\/04\/High-Temperature-Service-50x50.jpg 50w, https:\/\/www.equilibar.com\/wp-content\/uploads\/2015\/04\/High-Temperature-Service-100x100.jpg 100w, https:\/\/www.equilibar.com\/wp-content\/uploads\/2015\/04\/High-Temperature-Service-47x47.jpg 47w\" sizes=\"auto, (max-width: 220px) 100vw, 220px\" \/><p id=\"caption-attachment-3579\" class=\"wp-caption-text\">La Construcci\u00f3n con Acero Inoxidable\u2028le Permite a Este Regulador de Vac\u00edo Operar a Temperaturas Elevadas<\/p><\/div> <p class=\"p1\"><\/div><\/div><\/p> ","protected":false},"excerpt":{"rendered":"","protected":false},"author":1,"featured_media":0,"parent":0,"menu_order":0,"comment_status":"closed","ping_status":"closed","template":"","meta":{"_acf_changed":false,"footnotes":""},"class_list":["post-3670","page","type-page","status-publish","hentry"],"acf":[],"yoast_head":"<!-- This site is optimized with the Yoast SEO Premium plugin v27.4 (Yoast SEO v27.4) - https:\/\/yoast.com\/product\/yoast-seo-premium-wordpress\/ -->\n<title>Reguladores de Vac\u00edo | V\u00e1lvulas de Control de Vac\u00edo<\/title>\n<meta name=\"description\" content=\"Ofreciendo reguladores de contrapresi\u00f3n, reguladores de vac\u00edo, v\u00e1lvulas de control de vac\u00edo, y sistemas de control para presiones bajas y presiones diferenciales.\" \/>\n<meta name=\"robots\" content=\"index, follow, max-snippet:-1, max-image-preview:large, max-video-preview:-1\" \/>\n<link rel=\"canonical\" href=\"https:\/\/www.equilibar.com\/es\/reguladores-de-vacio-y-valvulas-de-control-de-vacio\/\" \/>\n<meta property=\"og:locale\" content=\"es_ES\" \/>\n<meta property=\"og:type\" content=\"article\" \/>\n<meta property=\"og:title\" content=\"Reguladores de Vac\u00edo y V\u00e1lvulas de Control de Vac\u00edo\" \/>\n<meta property=\"og:description\" content=\"Ofreciendo reguladores de contrapresi\u00f3n, reguladores de vac\u00edo, v\u00e1lvulas de control de vac\u00edo, y sistemas de control para presiones bajas y presiones diferenciales.\" \/>\n<meta property=\"og:url\" content=\"https:\/\/www.equilibar.com\/es\/reguladores-de-vacio-y-valvulas-de-control-de-vacio\/\" \/>\n<meta property=\"og:site_name\" content=\"Equilibar\" \/>\n<meta property=\"article:publisher\" content=\"https:\/\/www.facebook.com\/pages\/Equilibar\/114261858601579\" \/>\n<meta property=\"article:modified_time\" content=\"2023-12-14T22:02:03+00:00\" \/>\n<meta property=\"og:image\" content=\"http:\/\/www.equilibar.com\/wp-content\/uploads\/2015\/04\/Direct-Vacuum-Pressure-Regualtor-Diagram-300x146.gif\" \/>\n<meta name=\"twitter:card\" content=\"summary_large_image\" \/>\n<meta name=\"twitter:site\" content=\"@equilibar\" \/>\n<meta name=\"twitter:label1\" content=\"Tiempo de lectura\" \/>\n\t<meta name=\"twitter:data1\" content=\"6 minutes\" \/>\n<!-- \/ Yoast SEO Premium plugin. -->","yoast_head_json":{"title":"Reguladores de Vac\u00edo | V\u00e1lvulas de Control de Vac\u00edo","description":"Ofreciendo reguladores de contrapresi\u00f3n, reguladores de vac\u00edo, v\u00e1lvulas de control de vac\u00edo, y sistemas de control para presiones bajas y presiones diferenciales.","robots":{"index":"index","follow":"follow","max-snippet":"max-snippet:-1","max-image-preview":"max-image-preview:large","max-video-preview":"max-video-preview:-1"},"canonical":"https:\/\/www.equilibar.com\/es\/reguladores-de-vacio-y-valvulas-de-control-de-vacio\/","og_locale":"es_ES","og_type":"article","og_title":"Reguladores de Vac\u00edo y V\u00e1lvulas de Control de Vac\u00edo","og_description":"Ofreciendo reguladores de contrapresi\u00f3n, reguladores de vac\u00edo, v\u00e1lvulas de control de vac\u00edo, y sistemas de control para presiones bajas y presiones diferenciales.","og_url":"https:\/\/www.equilibar.com\/es\/reguladores-de-vacio-y-valvulas-de-control-de-vacio\/","og_site_name":"Equilibar","article_publisher":"https:\/\/www.facebook.com\/pages\/Equilibar\/114261858601579","article_modified_time":"2023-12-14T22:02:03+00:00","og_image":[{"url":"http:\/\/www.equilibar.com\/wp-content\/uploads\/2015\/04\/Direct-Vacuum-Pressure-Regualtor-Diagram-300x146.gif","type":"","width":"","height":""}],"twitter_card":"summary_large_image","twitter_site":"@equilibar","twitter_misc":{"Tiempo de lectura":"6 minutes"},"schema":{"@context":"https:\/\/schema.org","@graph":[{"@type":"WebPage","@id":"https:\/\/www.equilibar.com\/es\/reguladores-de-vacio-y-valvulas-de-control-de-vacio\/","url":"https:\/\/www.equilibar.com\/es\/reguladores-de-vacio-y-valvulas-de-control-de-vacio\/","name":"Reguladores de Vac\u00edo | V\u00e1lvulas de Control de Vac\u00edo","isPartOf":{"@id":"https:\/\/www.equilibar.com\/#website"},"primaryImageOfPage":{"@id":"https:\/\/www.equilibar.com\/es\/reguladores-de-vacio-y-valvulas-de-control-de-vacio\/#primaryimage"},"image":{"@id":"https:\/\/www.equilibar.com\/es\/reguladores-de-vacio-y-valvulas-de-control-de-vacio\/#primaryimage"},"thumbnailUrl":"http:\/\/www.equilibar.com\/wp-content\/uploads\/2015\/04\/Direct-Vacuum-Pressure-Regualtor-Diagram-300x146.gif","datePublished":"2015-04-10T18:32:02+00:00","dateModified":"2023-12-14T22:02:03+00:00","description":"Ofreciendo reguladores de contrapresi\u00f3n, reguladores de vac\u00edo, v\u00e1lvulas de control de vac\u00edo, y sistemas de control para presiones bajas y presiones diferenciales.","inLanguage":"es-ES","potentialAction":[{"@type":"ReadAction","target":["https:\/\/www.equilibar.com\/es\/reguladores-de-vacio-y-valvulas-de-control-de-vacio\/"]}]},{"@type":"ImageObject","inLanguage":"es-ES","@id":"https:\/\/www.equilibar.com\/es\/reguladores-de-vacio-y-valvulas-de-control-de-vacio\/#primaryimage","url":"http:\/\/www.equilibar.com\/wp-content\/uploads\/2015\/04\/Direct-Vacuum-Pressure-Regualtor-Diagram-300x146.gif","contentUrl":"http:\/\/www.equilibar.com\/wp-content\/uploads\/2015\/04\/Direct-Vacuum-Pressure-Regualtor-Diagram-300x146.gif"},{"@type":"WebSite","@id":"https:\/\/www.equilibar.com\/#website","url":"https:\/\/www.equilibar.com\/","name":"Equilibar","description":"Precision Fluid Control","potentialAction":[{"@type":"SearchAction","target":{"@type":"EntryPoint","urlTemplate":"https:\/\/www.equilibar.com\/?s={search_term_string}"},"query-input":{"@type":"PropertyValueSpecification","valueRequired":true,"valueName":"search_term_string"}}],"inLanguage":"es-ES"}]}},"_links":{"self":[{"href":"https:\/\/www.equilibar.com\/es\/wp-json\/wp\/v2\/pages\/3670","targetHints":{"allow":["GET"]}}],"collection":[{"href":"https:\/\/www.equilibar.com\/es\/wp-json\/wp\/v2\/pages"}],"about":[{"href":"https:\/\/www.equilibar.com\/es\/wp-json\/wp\/v2\/types\/page"}],"author":[{"embeddable":true,"href":"https:\/\/www.equilibar.com\/es\/wp-json\/wp\/v2\/users\/1"}],"replies":[{"embeddable":true,"href":"https:\/\/www.equilibar.com\/es\/wp-json\/wp\/v2\/comments?post=3670"}],"version-history":[{"count":0,"href":"https:\/\/www.equilibar.com\/es\/wp-json\/wp\/v2\/pages\/3670\/revisions"}],"wp:attachment":[{"href":"https:\/\/www.equilibar.com\/es\/wp-json\/wp\/v2\/media?parent=3670"}],"curies":[{"name":"wp","href":"https:\/\/api.w.org\/{rel}","templated":true}]}}