{"id":3660,"date":"2015-04-10T18:58:47","date_gmt":"2015-04-10T18:58:47","guid":{"rendered":"http:\/\/www.equilibar.com\/equilibar-back-pressure-regulators-2\/"},"modified":"2023-12-14T18:00:20","modified_gmt":"2023-12-14T22:00:20","slug":"reguladores-de-contrapresion-equilibar","status":"publish","type":"page","link":"https:\/\/www.equilibar.com\/es\/reguladores-de-contrapresion-equilibar\/","title":{"rendered":"Reguladores de Contrapresi\u00f3n Equilibar"},"content":{"rendered":"<div class=\"grid\"><div class=\"c-two-third \">Nuestro dise\u00f1o patentado de regulador de contrapresi\u00f3n usa un diafragma flexible con m\u00faltiples orificios para mantener un equilibrio de presi\u00f3n incre\u00edblemente sensible 1:1 entre la presi\u00f3n de puerto de entrada y la presi\u00f3n piloto de referencia.<\/p> <p>El resultado es un regulador de alto rendimiento que tiene un buen desempe\u00f1o a lo largo de un rango de velocidades de flujo incre\u00edblemente elevado, t\u00edpicamente con una precisi\u00f3n de hasta 1% para la mayor\u00eda de las aplicaciones de gas.<\/p> <div id=\"attachment_3585\" style=\"width: 310px\" class=\"wp-caption alignleft\"><img loading=\"lazy\" decoding=\"async\" aria-describedby=\"caption-attachment-3585\" class=\"wp-image-3585 size-medium\" src=\"\/wp-content\/uploads\/2015\/04\/Equilibar-Chart-300x225.jpg\" alt=\" Flujo del Regulador de Contrapresi\u00f3n\" width=\"300\" height=\"225\" srcset=\"https:\/\/www.equilibar.com\/wp-content\/uploads\/2015\/04\/Equilibar-Chart-300x225.jpg 300w, https:\/\/www.equilibar.com\/wp-content\/uploads\/2015\/04\/Equilibar-Chart.jpg 340w\" sizes=\"auto, (max-width: 300px) 100vw, 300px\" \/><p id=\"caption-attachment-3585\" class=\"wp-caption-text\">Gr\u00e1fico de Diagrama de Flujo del Regulador de Contrapresi\u00f3n, El Equilibar Mantiene la Presi\u00f3n con Precisi\u00f3n, Mientras Aumenta la Velocidad de Flujo<\/p><\/div> <h3>Ventajas Clave de los Reguladores de Contrapresi\u00f3n Equilibar<\/h3> <h4>Precisi\u00f3n Elevada<\/h4> <p>La presi\u00f3n de entrada se ajusta a la presi\u00f3n de referencia en 1-2% a lo largo de un amplio rango de flujos \u2013 mejor que 0,5% en la mayor\u00eda de las aplicaciones de investigaci\u00f3n. Usado frecuentemente en pruebas de referencia industriales para l\u00edquidos y gases. Vea las curvas de referencia.<\/p> <h4>Compatibilidad con Qu\u00edmicos Agresivos<\/h4> <p>Nuestras diversas opciones de materiales incluyen una construcci\u00f3n en 100% PTFE, como tambi\u00e9n Hastelloy C276 y SS316L. Podemos hacer que nuestros productos sean compatibles con pr\u00e1cticamente cualquier qu\u00edmico agresivo conocido. Detalles sobre la compatibilidad qu\u00edmica.<\/p> <h4>Presi\u00f3n Elevada<\/h4> <p>Nuestro regulador de contrapresi\u00f3n tiene una presi\u00f3n m\u00e1xima de 690 Bar. Algo m\u00e1s que eso para aplicaciones personalizadas. Averig\u00fce detalles sobre nuestros reguladores de la Serie de Investigaci\u00f3n.<\/p> <h4>Volumen Muerto Bajo<\/h4> <p>Nuestra opci\u00f3n de ajuste de tubo de 1\/16&#8243; (DN4) logra un volumen muerto total, en nuestro regulador de contrapresi\u00f3n, de 0,2 ml. \u00datil para Cromatograf\u00eda L\u00edquida de Alto Rendimiento y en servicios de an\u00e1lisis de gas que requieren un volumen muerto bajo.<\/p> <h4>Amplio Rango de Flujo<\/h4> <p>Nuestra tecnolog\u00eda singular permite una precisi\u00f3n a lo largo de un rango de flujos de 1000:1 en la mayor\u00eda de las aplicaciones. Hasta 10.000:1 en muchas aplicaciones de investigaci\u00f3n.<\/p> <h4>Flujo de Dos Fases<\/h4> <p>Nuestro dise\u00f1o singular permite que l\u00edquidos y gases fluyan juntos, mientras que se mantiene una incre\u00edble estabilidad de presi\u00f3n de entrada. Nuestro dise\u00f1o de m\u00faltiples orificios es ideal para minimizar alteraciones de presi\u00f3n en el flujo de dos fases.<\/p> <h4>Temperaturas Elevadas<\/h4> <p>Se pueden usar nuestros diafragmas de acero a 300 \u00b0C, en muchas aplicaciones. Tenemos adem\u00e1s un regulador beta para aplicaciones hasta 450 \u00b0C. \u00datil en el an\u00e1lisis e investigaci\u00f3n de gases petroqu\u00edmicos que usan reactores de temperatura elevada.<\/p> <h4>Flujo Ultra-Bajo<\/h4> <p>De lejos la velocidad de flujo m\u00e1s baja, por debajo de un Coeficiente de Flujo de 1E-8.<\/p> <h4>Presi\u00f3n Ultra-Baja<\/h4> <p>Usando diafragmas delicados, nuestra tecnolog\u00eda provee precisi\u00f3n hasta de 125 Pascal. Vea detalles sobre nuestros reguladores de baja presi\u00f3n.<\/p> <h3>C\u00f3mo Funciona<\/h3> <div id=\"attachment_3572\" style=\"width: 218px\" class=\"wp-caption alignright\"><img loading=\"lazy\" decoding=\"async\" aria-describedby=\"caption-attachment-3572\" class=\"wp-image-3572 size-full\" src=\"\/wp-content\/uploads\/2015\/04\/2-set-point-options.gif\" alt=\"Regulador Manual o Electr\u00f3nico de Contrapresi\u00f3n\" width=\"208\" height=\"246\" \/><p id=\"caption-attachment-3572\" class=\"wp-caption-text\">Se Fija la Presi\u00f3n Piloto con un Regulador de Presi\u00f3n Piloto Manual o Electr\u00f3nico<\/p><\/div> <p>El Regulador de Contrapresi\u00f3n Equilibar\u00ae es un tipo singular de regulador de contrapresi\u00f3n con carga de c\u00fapula. Funciona como un transistor de fluido, formando un equilibrio de fuerzas singular en una membrana flexible entre tres presiones separadas. La presi\u00f3n de fluido de entrada y la presi\u00f3n de abertura de corriente abajo existen en el lado humedecido del diafragma, separado por orificios. La presi\u00f3n de punto de configuraci\u00f3n piloto est\u00e1 en el lado no humedecido del diafragma.<\/p> <p>La presi\u00f3n menor en la salida intenta mantener el diafragma en un sello a prueba de fugas con el orificio. Sin embargo, un ligero exceso entre la presi\u00f3n de fluido de entrada y la presi\u00f3n de configuraci\u00f3n piloto de referencia r\u00e1pidamente abruma a estas fuerzas de asentamiento, y levantan el diafragma del orificio. El resultado es una reacci\u00f3n extremadamente r\u00e1pida, manteniendo la presi\u00f3n de entrada en un equilibrio estrecho con la presi\u00f3n fijada.<\/p> <p>Los reguladores de contrapresi\u00f3n tradicionales usan resortes para abrirse gradualmente a medida que se usa la contrapresi\u00f3n para comprimir el resorte. Este cambio en la fuerza del resorte a medida que se comprime el resorte es una considerable fuente de errores, o de sobrepresi\u00f3n, en los dise\u00f1os tradicionales. El dise\u00f1o singular de m\u00faltiples orificios adem\u00e1s le da, a Equilibar, su rango de flujos ultra-amplio, t\u00edpicamente con un rango de flujos 100\u00d7 mayor que los reguladores de contrapresi\u00f3n tradicionales.<\/p> <p><strong><br \/> Para m\u00e1s informaci\u00f3n, los siguientes enlaces van a p\u00e1ginas en idioma ingl\u00e9s.<\/strong><\/p> <h3>Aplicaciones claves<\/h3> <h4>Aplicaciones de Contrapresi\u00f3n de Investigaci\u00f3n:<\/h4> <ul> <li><strong>Investigaci\u00f3n de Catalizadores \/ Control de Presi\u00f3n de Reactor<\/strong> &#8211; La capacidad de manejar una mezcla de fases gaseosa y l\u00edquida elimina la necesidad de usar un separador de alta presi\u00f3n.<\/li> <li><strong>An\u00e1lisis Central de Petr\u00f3leo<\/strong> &#8211; El Equilibar controlar\u00e1 con precisi\u00f3n en los rangos de flujo micro y nano.<\/li> <li><strong>Supercritical CO2 control<\/strong> &#8211; El dise\u00f1o de regulador Equilibar es diferentes de los reguladores tradicionales, para resistirse al congelamiento y a las obstrucciones.<\/li> <li><strong>Separaci\u00f3n de membranas<\/strong> &#8211; El Equilibar no tiene rozamiento, de modo que se pueden mantener estrechamente las presiones diferenciales.<\/li> <\/ul> <h4>Aplicaciones Industriales de Contrapresi\u00f3n:<\/h4> <ul> <li style=\"list-style-type: none;\"> <ul> <li><strong>C\u00e9lulas de Combusti\u00f3n<\/strong> &#8211; El Equilibar funciona directamente con gases de escape calientes y h\u00famedos.<\/li> <li><strong>Pruebas de Bombas de combustible<\/strong> -El Equilibar mantiene la presi\u00f3n en el punto configurado, incluso cuando cambia la velocidad de flujo de la bomba.<\/li> <li><strong>Amortiguaci\u00f3n de pulsaciones<\/strong> &#8211; El piloto de aire del Equilibar funciona como un amortiguador cargado de aire para limitar pulsaciones y picos de presi\u00f3n.<\/li> <li><strong>Blanketing de tanque<\/strong> &#8211; El Equilibar funciona con precisi\u00f3n, incluso en presiones de configuraci\u00f3n muy bajas.<\/li> <li><strong>Inflaci\u00f3n lumen de extrusi\u00f3n <\/strong> &#8211; El Equilibar tiene una elevada resoluci\u00f3n, de modo que se mantiene la presi\u00f3n constante a lo largo del recorrido del material.<\/li> <li><strong>Control de presi\u00f3n de bomba <\/strong> &#8211; Use un Equilibar para proveer una presi\u00f3n de salida de bomba electr\u00f3nicamente variable.<\/li> <li><strong>Protecci\u00f3n de Discos de Ruptura<\/strong> &#8211; Se puede usar el Equilibar para controlar con precisi\u00f3n la presi\u00f3n de proceso para evitar que picos aleatorios perforen el disco de ruptura de seguridad.<\/li> <\/ul> <\/li> <\/ul> <h4>Cont\u00e1ctese Directamente con un Ingeniero de Equilibar<\/h4> <p>Equilibar recibe con gusto su solicitud. Uno de nuestros ingenieros pronto revisar\u00e1 cuidadosamente los detalles de su solicitud para especificar el regulador Equilibar apropiado para cumplir sus requerimientos tecnol\u00f3gicos. Nuestra meta es responderle el mismo d\u00eda h\u00e1bil para que usted tenga una respuesta disponible a la siguiente ma\u00f1ana. Por favor use el formulario abajo.<\/p> <p style=\"text-align: center;\"> <a id=\"button-counter-1\" class=\"button medium type-simple\" href=\"https:\/\/www.equilibar.com\/contact\/\" >Contacta con nosotras<\/a><\/p> <p class=\"p1\"><\/div> <p class=\"p1\"><span class=\"s1\"><div class=\"c-one-third \"><\/span><\/p> <p> <a title=\"Reguladores de Contrapresi\u00f3n y V\u00e1lvulas de Control de Vac\u00edo\" href=\"\/es\/\">Reguladores de Contrapresi\u00f3n y V\u00e1lvulas de Control de Vac\u00edo<\/a> <\/p> <p><!-- a title=\"Directiva de Equipos de Presi\u00f3n 2014\" href=\"\/es\/directiva-de-equipos-de-presion-2014\/\">Directiva de Equipos de Presi\u00f3n 2014<\/a --><\/p> <p> <a title=\"Reguladores de Vac\u00edo y V\u00e1lvulas de Control de Vac\u00edo\" href=\"\/es\/reguladores-de-vacio-y-valvulas-de-control-de-vacio\/\">Reguladores de Vac\u00edo y V\u00e1lvulas de Control de Vac\u00edo<\/a> <\/p> <p> <a title=\"Reguladores de Baja Presi\u00f3n\" href=\"\/es\/reguladores-de-baja-presion\/\">Reguladores de Baja Presi\u00f3n<\/a> <\/p> <p class=\"p1\"><\/div><\/div><\/p> ","protected":false},"excerpt":{"rendered":"","protected":false},"author":1,"featured_media":0,"parent":0,"menu_order":0,"comment_status":"closed","ping_status":"closed","template":"","meta":{"_acf_changed":false,"footnotes":""},"class_list":["post-3660","page","type-page","status-publish","hentry"],"acf":[],"yoast_head":"<!-- This site is optimized with the Yoast SEO Premium plugin v27.4 (Yoast SEO v27.4) - https:\/\/yoast.com\/product\/yoast-seo-premium-wordpress\/ -->\n<title>Reguladores de Contrapresi\u00f3n | V\u00e1lvulas de Contrapresi\u00f3n<\/title>\n<meta name=\"description\" content=\"Proveyendo reguladores de contrapresi\u00f3n, v\u00e1lvulas de contrapresi\u00f3n, reguladores electr\u00f3nicos de presi\u00f3n, logrando amplios rangos de flujo, presiones y temperaturas elevadas\/bajas\" \/>\n<meta name=\"robots\" content=\"index, follow, max-snippet:-1, max-image-preview:large, max-video-preview:-1\" \/>\n<link rel=\"canonical\" href=\"https:\/\/www.equilibar.com\/es\/reguladores-de-contrapresion-equilibar\/\" \/>\n<meta property=\"og:locale\" content=\"es_ES\" \/>\n<meta property=\"og:type\" content=\"article\" \/>\n<meta property=\"og:title\" content=\"Reguladores de Contrapresi\u00f3n Equilibar\" \/>\n<meta property=\"og:description\" content=\"Proveyendo reguladores de contrapresi\u00f3n, v\u00e1lvulas de contrapresi\u00f3n, reguladores electr\u00f3nicos de presi\u00f3n, logrando amplios rangos de flujo, presiones y temperaturas elevadas\/bajas\" \/>\n<meta property=\"og:url\" content=\"https:\/\/www.equilibar.com\/es\/reguladores-de-contrapresion-equilibar\/\" \/>\n<meta property=\"og:site_name\" content=\"Equilibar\" \/>\n<meta property=\"article:publisher\" content=\"https:\/\/www.facebook.com\/pages\/Equilibar\/114261858601579\" \/>\n<meta property=\"article:modified_time\" content=\"2023-12-14T22:00:20+00:00\" \/>\n<meta property=\"og:image\" content=\"http:\/\/www.equilibar.com\/wp-content\/uploads\/2015\/04\/Equilibar-Chart-300x225.jpg\" \/>\n<meta name=\"twitter:card\" content=\"summary_large_image\" \/>\n<meta name=\"twitter:site\" content=\"@equilibar\" \/>\n<meta name=\"twitter:label1\" content=\"Tiempo de lectura\" \/>\n\t<meta name=\"twitter:data1\" content=\"5 minutes\" \/>\n<!-- \/ Yoast SEO Premium plugin. -->","yoast_head_json":{"title":"Reguladores de Contrapresi\u00f3n | V\u00e1lvulas de Contrapresi\u00f3n","description":"Proveyendo reguladores de contrapresi\u00f3n, v\u00e1lvulas de contrapresi\u00f3n, reguladores electr\u00f3nicos de presi\u00f3n, logrando amplios rangos de flujo, presiones y temperaturas elevadas\/bajas","robots":{"index":"index","follow":"follow","max-snippet":"max-snippet:-1","max-image-preview":"max-image-preview:large","max-video-preview":"max-video-preview:-1"},"canonical":"https:\/\/www.equilibar.com\/es\/reguladores-de-contrapresion-equilibar\/","og_locale":"es_ES","og_type":"article","og_title":"Reguladores de Contrapresi\u00f3n Equilibar","og_description":"Proveyendo reguladores de contrapresi\u00f3n, v\u00e1lvulas de contrapresi\u00f3n, reguladores electr\u00f3nicos de presi\u00f3n, logrando amplios rangos de flujo, presiones y temperaturas elevadas\/bajas","og_url":"https:\/\/www.equilibar.com\/es\/reguladores-de-contrapresion-equilibar\/","og_site_name":"Equilibar","article_publisher":"https:\/\/www.facebook.com\/pages\/Equilibar\/114261858601579","article_modified_time":"2023-12-14T22:00:20+00:00","og_image":[{"url":"http:\/\/www.equilibar.com\/wp-content\/uploads\/2015\/04\/Equilibar-Chart-300x225.jpg","type":"","width":"","height":""}],"twitter_card":"summary_large_image","twitter_site":"@equilibar","twitter_misc":{"Tiempo de lectura":"5 minutes"},"schema":{"@context":"https:\/\/schema.org","@graph":[{"@type":"WebPage","@id":"https:\/\/www.equilibar.com\/es\/reguladores-de-contrapresion-equilibar\/","url":"https:\/\/www.equilibar.com\/es\/reguladores-de-contrapresion-equilibar\/","name":"Reguladores de Contrapresi\u00f3n | V\u00e1lvulas de Contrapresi\u00f3n","isPartOf":{"@id":"https:\/\/www.equilibar.com\/#website"},"primaryImageOfPage":{"@id":"https:\/\/www.equilibar.com\/es\/reguladores-de-contrapresion-equilibar\/#primaryimage"},"image":{"@id":"https:\/\/www.equilibar.com\/es\/reguladores-de-contrapresion-equilibar\/#primaryimage"},"thumbnailUrl":"http:\/\/www.equilibar.com\/wp-content\/uploads\/2015\/04\/Equilibar-Chart-300x225.jpg","datePublished":"2015-04-10T18:58:47+00:00","dateModified":"2023-12-14T22:00:20+00:00","description":"Proveyendo reguladores de contrapresi\u00f3n, v\u00e1lvulas de contrapresi\u00f3n, reguladores electr\u00f3nicos de presi\u00f3n, logrando amplios rangos de flujo, presiones y temperaturas elevadas\/bajas","inLanguage":"es-ES","potentialAction":[{"@type":"ReadAction","target":["https:\/\/www.equilibar.com\/es\/reguladores-de-contrapresion-equilibar\/"]}]},{"@type":"ImageObject","inLanguage":"es-ES","@id":"https:\/\/www.equilibar.com\/es\/reguladores-de-contrapresion-equilibar\/#primaryimage","url":"http:\/\/www.equilibar.com\/wp-content\/uploads\/2015\/04\/Equilibar-Chart-300x225.jpg","contentUrl":"http:\/\/www.equilibar.com\/wp-content\/uploads\/2015\/04\/Equilibar-Chart-300x225.jpg"},{"@type":"WebSite","@id":"https:\/\/www.equilibar.com\/#website","url":"https:\/\/www.equilibar.com\/","name":"Equilibar","description":"Precision Fluid Control","potentialAction":[{"@type":"SearchAction","target":{"@type":"EntryPoint","urlTemplate":"https:\/\/www.equilibar.com\/?s={search_term_string}"},"query-input":{"@type":"PropertyValueSpecification","valueRequired":true,"valueName":"search_term_string"}}],"inLanguage":"es-ES"}]}},"_links":{"self":[{"href":"https:\/\/www.equilibar.com\/es\/wp-json\/wp\/v2\/pages\/3660","targetHints":{"allow":["GET"]}}],"collection":[{"href":"https:\/\/www.equilibar.com\/es\/wp-json\/wp\/v2\/pages"}],"about":[{"href":"https:\/\/www.equilibar.com\/es\/wp-json\/wp\/v2\/types\/page"}],"author":[{"embeddable":true,"href":"https:\/\/www.equilibar.com\/es\/wp-json\/wp\/v2\/users\/1"}],"replies":[{"embeddable":true,"href":"https:\/\/www.equilibar.com\/es\/wp-json\/wp\/v2\/comments?post=3660"}],"version-history":[{"count":0,"href":"https:\/\/www.equilibar.com\/es\/wp-json\/wp\/v2\/pages\/3660\/revisions"}],"wp:attachment":[{"href":"https:\/\/www.equilibar.com\/es\/wp-json\/wp\/v2\/media?parent=3660"}],"curies":[{"name":"wp","href":"https:\/\/api.w.org\/{rel}","templated":true}]}}